{"id":457,"date":"2022-09-29T08:37:06","date_gmt":"2022-09-29T08:37:06","guid":{"rendered":"https:\/\/dirkzache.com\/?page_id=457"},"modified":"2024-11-21T09:59:53","modified_gmt":"2024-11-21T09:59:53","slug":"in-stichworten-ausstellungen","status":"publish","type":"page","link":"https:\/\/dirkzache.com\/en\/in-stichworten-ausstellungen\/","title":{"rendered":"in Stichworten + Ausstellungen"},"content":{"rendered":"<div data-elementor-type=\"wp-page\" data-elementor-id=\"457\" class=\"elementor elementor-457\" data-elementor-post-type=\"page\">\n\t\t\t\t\t\t<section class=\"elementor-section elementor-top-section elementor-element elementor-element-53eb2df elementor-section-content-middle elementor-section-boxed elementor-section-height-default elementor-section-height-default\" data-id=\"53eb2df\" data-element_type=\"section\" data-e-type=\"section\">\n\t\t\t\t\t\t<div class=\"elementor-container elementor-column-gap-custom\">\n\t\t\t\t\t<div class=\"elementor-column elementor-col-100 elementor-top-column elementor-element elementor-element-7d65e15\" data-id=\"7d65e15\" data-element_type=\"column\" data-e-type=\"column\">\n\t\t\t<div class=\"elementor-widget-wrap elementor-element-populated\">\n\t\t\t\t\t\t<div class=\"elementor-element elementor-element-a6ae7b3 elementor-widget elementor-widget-image\" data-id=\"a6ae7b3\" data-element_type=\"widget\" data-e-type=\"widget\" data-widget_type=\"image.default\">\n\t\t\t\t<div class=\"elementor-widget-container\">\n\t\t\t\t\t\t\t\t\t\t\t\t\t\t\t<img fetchpriority=\"high\" decoding=\"async\" width=\"771\" height=\"771\" src=\"https:\/\/dirkzache.com\/wp-content\/uploads\/2023\/01\/Bio-Bild-Evering.jpg\" class=\"attachment-large size-large wp-image-1441\" alt=\"\" srcset=\"https:\/\/dirkzache.com\/wp-content\/uploads\/2023\/01\/Bio-Bild-Evering.jpg 771w, https:\/\/dirkzache.com\/wp-content\/uploads\/2023\/01\/Bio-Bild-Evering-300x300.jpg 300w, https:\/\/dirkzache.com\/wp-content\/uploads\/2023\/01\/Bio-Bild-Evering-150x150.jpg 150w, https:\/\/dirkzache.com\/wp-content\/uploads\/2023\/01\/Bio-Bild-Evering-768x768.jpg 768w, https:\/\/dirkzache.com\/wp-content\/uploads\/2023\/01\/Bio-Bild-Evering-12x12.jpg 12w\" sizes=\"(max-width: 771px) 100vw, 771px\" \/>\t\t\t\t\t\t\t\t\t\t\t\t\t\t\t<\/div>\n\t\t\t\t<\/div>\n\t\t\t\t\t<\/div>\n\t\t<\/div>\n\t\t\t\t\t<\/div>\n\t\t<\/section>\n\t\t\t\t<section class=\"elementor-section elementor-top-section elementor-element elementor-element-515ebe2 elementor-section-boxed elementor-section-height-default elementor-section-height-default\" data-id=\"515ebe2\" data-element_type=\"section\" data-e-type=\"section\">\n\t\t\t\t\t\t<div class=\"elementor-container elementor-column-gap-default\">\n\t\t\t\t\t<div class=\"elementor-column elementor-col-100 elementor-top-column elementor-element elementor-element-15d489c\" data-id=\"15d489c\" data-element_type=\"column\" data-e-type=\"column\">\n\t\t\t<div class=\"elementor-widget-wrap elementor-element-populated\">\n\t\t\t\t\t\t<div class=\"elementor-element elementor-element-107318a elementor-widget elementor-widget-heading\" data-id=\"107318a\" data-element_type=\"widget\" data-e-type=\"widget\" data-widget_type=\"heading.default\">\n\t\t\t\t<div class=\"elementor-widget-container\">\n\t\t\t\t\t<h1 class=\"elementor-heading-title elementor-size-default\">Biografisches<\/h1>\t\t\t\t<\/div>\n\t\t\t\t<\/div>\n\t\t\t\t<div class=\"elementor-element elementor-element-a6ce954 elementor-widget elementor-widget-heading\" data-id=\"a6ce954\" data-element_type=\"widget\" data-e-type=\"widget\" data-widget_type=\"heading.default\">\n\t\t\t\t<div class=\"elementor-widget-container\">\n\t\t\t\t\t<h2 class=\"elementor-heading-title elementor-size-default\">In Stichworten + Ausstellungen<\/h2>\t\t\t\t<\/div>\n\t\t\t\t<\/div>\n\t\t\t\t<div class=\"elementor-element elementor-element-5cebe9d elementor-widget elementor-widget-text-editor\" data-id=\"5cebe9d\" data-element_type=\"widget\" data-e-type=\"widget\" data-widget_type=\"text-editor.default\">\n\t\t\t\t<div class=\"elementor-widget-container\">\n\t\t\t\t\t\t\t\t\t<p style=\"text-align: center;\"><span style=\"color: #800000;\"><br>seit 2021 wieder freischaffender K\u00fcnstler<\/span><br><span style=\"color: #800000;\">lebt und arbeitet auf Schloss Steinfurt, Drensteinfurt im M\u00fcnsterland<\/span><br><span style=\"color: #800000;\">2021 Aufnahme in den Bundesverband Bildender K\u00fcnstler (BBK)<\/span><br><span style=\"color: #800000;\">2022 Vorsitzender BBK M\u00fcnsterland<\/span><br><span style=\"color: #800000;\">2024 Vorstand BBK Westfalen<\/span><br><span style=\"color: #800000;\">Museumsdirektor a.D.<br><br>erste internationale Ausstellungsbeteiligung 1987<br><br><\/span>Entdecken. Wandern zwischen Welten. Kunst und das \u201eGestalten-D\u00fcrfen\u201c bestimmen mein Leben.<br>Zur See gefahren, Ausbildung auf dem Bau, Studium der Kunst und Kunstgeschichte.<br>Malerei, Bronze, Installationen.<br>K\u00fcnstleraustausch Baden-W\u00fcrttemberg \/ Italien, Biennale Internationale di Ravenna.<br>Eigene Galerie und Atelier als Treffpunkt der Szene. Beton in der Kunst als Markenzeichen.<br>Eine neue Welt auf der Insel. Zweite Karriere Museumsdirektor. Kunst und Kultur im historischen Kontext.<br>Museum als soziale Plastik. Neue Welt Ruhrgebiet. Soziale Plastik wird zum Museum als Forum.<br>Politik kommt hinzu. Museum geht. Kunst und Kultur bleiben.<br>Heute lebe und arbeite ich auf einem Wasserschloss im M\u00fcnsterland.<\/p>\n<p>Das Entdecken und das Wandern zwischen Welten ziehen sich auch durch meine Kunst.<br>Das bewusste Hinsehen, Beobachten, das Hinterfragen, auch das Aufmerksam-Machen sind Anlass f\u00fcr meine Arbeiten.<br>Konzentration und Kontemplation<br>und das Sich-Einlassen sind f\u00fcr mich als K\u00fcnstler ein inneres Bed\u00fcrfnis<br>und werden zum Angebot f\u00fcr die Betrachtenden. \u00c4sthetik als Lehre des Wahrnehmbaren.<br>Agieren im Dazwischen, in Beziehungen und Zwischenr\u00e4umen.<br>Neue Welten entstehen zu lassen, in Farben und Materialien, im Denken und F\u00fchlen. Kosmos im Kleinen.<br>Unscheinbares und \u00dcbersehenes werden wichtig, er\u00f6ffnen neue Sichtweisen &#8211; und stellen mir neue Fragen.<br>Kunst als Form des Denkens.<\/p>\n<h2>und in Tabellenform&#8230;<\/h2>\n<p style=\"text-align: center;\">geb. 1963 in Ulm<\/p>\n<p>1983 &#8211; 1984&nbsp;&nbsp; zur See<br>1984 &#8211; 1986&nbsp;&nbsp; Ausbildung zum Maurer, u.a. Betonbau<br>1986 &#8211; 1994&nbsp;&nbsp; Studium der Kunst, Kunstgeschichte und Denkmalpflege, Universit\u00e4t Bamberg<br>1986 &#8211; 1993&nbsp;&nbsp; wissenschaftliche Hilfskraft am Lehrstuhl Kunstp\u00e4dagogik<br>daneben Museumserfahrung am Ulmer Museum und Ludwig Forum Aachen<br>1988 &#8211; 1994 &nbsp; Kunstvermittlung und Aufbau der Museumsp\u00e4dagogik<br>f\u00fcr Stadtgalerie Villa Dessauer f\u00fcr moderne Kunst sowie Historisches Museum Bamberg<br>1992 &#8211; 1994&nbsp;&nbsp; eigene Galerie, \u201eK4 &#8211; Forum f\u00fcr junge Kunst Bamberg&#8220;, und Atelier in ehemaligem Juwelierladen mit Kunstkursen und Kunstexkursionen<br>1993 &#8211; 1994&nbsp;&nbsp; kuratorische Assistenz in der Galerie f\u00fcr Zeitkunst, Bamberg<br>1994 &#8211; 1996 &nbsp; Atelier auf der Insel Usedom; Lehrkraft f. Gestaltung am Institut f\u00fcr Personalentwicklung, Wolgast<br><span style=\"text-align: center;\">1996 &#8211; 2005 &nbsp; Direktor des Historisch-Technischen Informationszentrums in Peenem\u00fcnde <\/span><span style=\"text-align: center;\">mit Museum im Kraftwerk, DenkmalLandschaft und Forum;<\/span><span style=\"text-align: center;\"> \u201eMuseum als soziale Plastik\u201c, Rezeption der NS-Zeit u.a. mit Kunst, Theater, Konzert<br><\/span><span style=\"text-align: center;\">1998&nbsp;&nbsp;&nbsp; Lehrauftrag FH L\u00fcbeck, \u201ePlastisches Gestalten in Beton\u201c<br><\/span><span style=\"text-align: center;\">2005 &#8211; 2021&nbsp; &nbsp; Direktor des Westf\u00e4lischen Landesmuseums f\u00fcr Industriekultur, LWL-Industriemuseum<br><\/span><span style=\"text-align: center;\">mit Zeche Zollern, Dortmund; Zeche Nachtigall, Witten; Zeche Hannover, Bochum;<\/span><span style=\"text-align: center;\">&nbsp;Ziegelei Lage; Henrichsh\u00fctte Hattingen; Schiffshebewerk Waltrop; Textilwerk Bocholt; <\/span><span style=\"text-align: center;\">Glash\u00fctte Gernheim<br><\/span><\/p>\n<p><\/p>\n<h2 style=\"text-align: left;\"><strong>Ausstellungen (Auswahl)<\/strong><\/h2>\n<p style=\"text-align: left;\"><em>Gruppenausstellungen<br><\/em><br>2023&nbsp;&nbsp;&nbsp;<span style=\"color: #800000;\"> SCULTURA 23<\/span>,<br>intern. Open-Air, B\u00e4derviertel Baden-Baden<br><span style=\"color: #800000;\">&#8222;Blau machen&#8220;<\/span>,<br>Big Gallery, Dortmund<br>2022&nbsp;&nbsp;&nbsp; <span style=\"color: #800000;\">\u201eM\u00fcnsterland\u201c<\/span>,<br>Bundesverband Bildender K\u00fcnstler, Dortmund<\/p>\n<p style=\"text-align: left;\">1994&nbsp;&nbsp;&nbsp;&nbsp; <span style=\"color: #800000;\">XI. Biennale Internationale Del Bronzetto<\/span>, Ravenna\/Italien und Shanghai\/China<br><span style=\"color: #800000;\">Fr\u00e4nkische Stra\u00dfe der Skulpturen<\/span>, Fr\u00e4nkische Schweiz<br>1993&nbsp;&nbsp;&nbsp;&nbsp; <span style=\"color: #800000;\">Absolventenausstellung<\/span>, gemeinsam mit dem Fotografen Mio Schweiger, Bamberg<br>1992&nbsp;&nbsp;&nbsp;&nbsp; <span style=\"color: #800000;\">X. Biennale Internationale Del Bronzetto<\/span>, Ravenna<br>1990&nbsp;&nbsp;&nbsp;&nbsp; <span style=\"color: #800000;\">IX. Biennale Internationale Del Bronzetto,<\/span> Ravenna<br><span style=\"color: #800000;\">\u201eSteine\u201c<\/span>, Nachwuchsk\u00fcnstler Oberfranken, Forchheim<br>1988 &nbsp;&nbsp;&nbsp;<span style=\"color: #800000;\"> VIII. Biennale Internationale Del Bronzetto<\/span>, Ravenna<br>1987 &nbsp;&nbsp;&nbsp; <span style=\"color: #800000;\">\u201eGiovani Artisti Di Ulm\u201c<\/span>, K\u00fcnstleraustausch zw. Baden-W\u00fcrttemberg und Italien<\/p>\n<p style=\"text-align: left;\"><em>Soloaustellungen<br><\/em>2016 &#8211; 2021&nbsp;&nbsp; \u201eRaum der Erinnerung\u201c, \u201eTempel der Hl. Barbara\u201c, \u201eEs werde Licht\u201c, \u201eZauberwald\u201c<br>vier Rauminstallationen, Zeche Zollern, Dortmund<br>2011 &#8211; 2012&nbsp;&nbsp;&nbsp; \u201eVon der Windel bis zum Leichentuch\u201c, Rauminstallation, Textilwerk, Bocholt<br>1994&nbsp; &nbsp;&nbsp; \u201eBeton anders\u2026und anderes\u201c, Galerie f\u00fcr Zeitkunst, Bamberg<br>1993&nbsp; &nbsp; &nbsp; \u201eBeton\u201c, Galerie K4, Bamberg<br>1992&nbsp; &nbsp; &nbsp; \u201eGemaltes\u201c, Galerie K4, Bamberg<br>1990&nbsp; &nbsp; &nbsp; \u201eL\u00fcftungssch\u00e4chte\u201c, Klanginstallation, Innenhof d. Universit\u00e4t Bamberg<\/p>\n<div style=\"text-align: left;\"><strong style=\"color: var( --e-global-color-primary ); font-size: 30px; letter-spacing: 1.5px; text-align: center;\"><br>Kataloge<\/strong><span style=\"color: var( --e-global-color-primary ); font-size: 30px; letter-spacing: 1.5px; text-align: center;\">&nbsp; &nbsp; &nbsp; &nbsp; &nbsp; &nbsp; &nbsp;<\/span><\/div>\n<p style=\"text-align: left;\">&#8222;M\u00fcnsterland&#8220;, BBK Westfalen, 2022<br>Internationale Biennalen Del Bronzetto 1988, 1990, 1992 u. 1994<br>Fr\u00e4nkische Stra\u00dfe der Skulpturen, 1994<\/p>\n<p style=\"text-align: left;\">\u201eAspekte des plastischen Gestaltens mit Beton\u201c, Beton- und Fertigteil-Jahrbuch, 1995<br>sowie eigene Ver\u00f6ffentlichungen zu<br>Museum, Industriekultur, Denkmalpflege und zur Kunst anderer<\/p>\n<h2 style=\"text-align: left;\"><strong>Auszeichnungen<\/strong><\/h2>\n<p style=\"text-align: left;\">1994 &nbsp; Medaille XI. Biennale Internationale del Bronzetto<br>1993&nbsp;&nbsp; 2. Preis, Gestaltung WM-Studio von ARD u.ZDF <br>1991&nbsp;&nbsp; 1. Preis, Trailer \u201eCarolins Fleckerlteppich\u201c, Bayrischer Rundfunk <br><\/p>\n<p style=\"text-align: left;\">daneben<br>2003&nbsp;&nbsp; Preis d. Tourismusverbands Insel Usedom, anl\u00e4sslich der Wehrmachtsausstellung<br>2002 &nbsp; Nagelkreuz von Coventry,<br>anl\u00e4sslich der Auff\u00fchrung des <em>War Requiems<\/em> von Benjamin Britten<br>(Ltg. Mstislav Rostropovich) im Kraftwerk Peenem\u00fcnde<\/p>\n<h2 style=\"text-align: left;\"><strong>Mitgliedschaften<\/strong> <strong>und Gremien<\/strong><\/h2>\n<p style=\"text-align: left;\">seit 2022&nbsp; Vorsitzender Bundesverband Bildender K\u00fcnstlerInnen Bezirk M\u00fcnsterland<br>seit 2022&nbsp;&nbsp; Vorsitzender SPD Drensteinfurt<br>seit 2021&nbsp;&nbsp; Bundesverband Bildender K\u00fcnstlerInnen (BBK)<br>seit 2021&nbsp;&nbsp; Beirat Interkommunale Zusammenarbeit Stadtregion M\u00fcnster<br>seit 2021&nbsp;&nbsp;&nbsp; Kuratorium der Sparkassenstiftung<br>2020 &#8211; 2022&nbsp; Vorstand und Gr\u00fcndungsmitglied Museumsverband NRW<br>seit 2020&nbsp;&nbsp;&nbsp;&nbsp;&nbsp; Beirat der VHS Ahlen<br>seit 2020&nbsp; &nbsp; &nbsp; Ratsmitglied Stadt Drensteinfurt<br>seit 2020&nbsp;&nbsp;&nbsp;&nbsp;&nbsp; Beirat S\u00e4chsisches Landesmuseum f\u00fcr Industriekultur<br>2019 &#8211; 2022&nbsp; stellv. Mitglied im Kuratorium Museumsstiftung Post und Telekommunikation<br>2018\/2019&nbsp; &nbsp;&nbsp; Berater der UNESCO-Kommission Luxemburg<br>2016 &#8211; 2020&nbsp;&nbsp; Vertreter der Stadt Drensteinfurt beim St\u00e4dte- und Gemeindebund<br>2013 &#8211; 2021&nbsp;&nbsp; Projektgruppe UNESCO-Welterbe \u201eIndustrielle Kulturlandschaft Ruhrgebiet\u201c<br>2010 &#8211; 2021&nbsp;&nbsp; Co-Vorsitzender Vereinigung Westf\u00e4lischer Museen (mit Dr. Eckhard Trox)<br>2010 &#8211; 2021&nbsp;&nbsp; AG Industriekultur des Landes NRW<br>2008 &#8211; 2010&nbsp;&nbsp; AG zur Bewerbung u. Durchf\u00fchrung Kulturhauptstadt Europas 2010<br>2005 &#8211; 2021&nbsp; &nbsp; Mit-Herausgeber Zeitschrift Industriekultur<br>seit 2001&nbsp;&nbsp; AG Industriedenkmalpflege der Landesdenkmal\u00e4mter (\u201est\u00e4ndiger Gast\u201c)<\/p>\n<p style=\"text-align: left;\">au\u00dferdem Internationaler Museumsverband, Deutscher Museumsbund, Museumsverband NRW, Rotary-Club (bis 2005), Lions-Club<\/p>\n<p style=\"text-align: left;\">\n<\/p>\t\t\t\t\t\t\t\t<\/div>\n\t\t\t\t<\/div>\n\t\t\t\t\t<\/div>\n\t\t<\/div>\n\t\t\t\t\t<\/div>\n\t\t<\/section>\n\t\t\t\t<\/div>","protected":false},"excerpt":{"rendered":"<p>Biografisches In Stichworten + Ausstellungen seit 2021 wieder freischaffender K\u00fcnstlerlebt und arbeitet auf Schloss Steinfurt, Drensteinfurt im M\u00fcnsterland2021 Aufnahme in den Bundesverband Bildender K\u00fcnstler (BBK)2022 Vorsitzender BBK M\u00fcnsterland2024 Vorstand BBK WestfalenMuseumsdirektor a.D. erste internationale Ausstellungsbeteiligung 1987 Entdecken. Wandern zwischen Welten. Kunst und das \u201eGestalten-D\u00fcrfen\u201c bestimmen mein Leben.Zur See gefahren, Ausbildung auf dem Bau, Studium der [&hellip;]<\/p>\n","protected":false},"author":1,"featured_media":0,"parent":0,"menu_order":0,"comment_status":"closed","ping_status":"closed","template":"elementor_header_footer","meta":{"footnotes":""},"class_list":["post-457","page","type-page","status-publish","hentry"],"_links":{"self":[{"href":"https:\/\/dirkzache.com\/en\/wp-json\/wp\/v2\/pages\/457","targetHints":{"allow":["GET"]}}],"collection":[{"href":"https:\/\/dirkzache.com\/en\/wp-json\/wp\/v2\/pages"}],"about":[{"href":"https:\/\/dirkzache.com\/en\/wp-json\/wp\/v2\/types\/page"}],"author":[{"embeddable":true,"href":"https:\/\/dirkzache.com\/en\/wp-json\/wp\/v2\/users\/1"}],"replies":[{"embeddable":true,"href":"https:\/\/dirkzache.com\/en\/wp-json\/wp\/v2\/comments?post=457"}],"version-history":[{"count":124,"href":"https:\/\/dirkzache.com\/en\/wp-json\/wp\/v2\/pages\/457\/revisions"}],"predecessor-version":[{"id":2464,"href":"https:\/\/dirkzache.com\/en\/wp-json\/wp\/v2\/pages\/457\/revisions\/2464"}],"wp:attachment":[{"href":"https:\/\/dirkzache.com\/en\/wp-json\/wp\/v2\/media?parent=457"}],"curies":[{"name":"wp","href":"https:\/\/api.w.org\/{rel}","templated":true}]}}