{"id":2383,"date":"2024-11-18T09:35:34","date_gmt":"2024-11-18T09:35:34","guid":{"rendered":"https:\/\/dirkzache.com\/?page_id=2383"},"modified":"2024-11-21T10:08:10","modified_gmt":"2024-11-21T10:08:10","slug":"tanzende-seerosen-2","status":"publish","type":"page","link":"https:\/\/dirkzache.com\/en\/aktuelle-arbeiten\/tanzende-seerosen-2\/","title":{"rendered":"Tanzende Seerosen 2"},"content":{"rendered":"<div data-elementor-type=\"wp-page\" data-elementor-id=\"2383\" class=\"elementor elementor-2383\" data-elementor-post-type=\"page\">\n\t\t\t\t\t\t<section class=\"elementor-section elementor-top-section elementor-element elementor-element-3195f9eb elementor-section-boxed elementor-section-height-default elementor-section-height-default\" data-id=\"3195f9eb\" data-element_type=\"section\" data-e-type=\"section\">\n\t\t\t\t\t\t<div class=\"elementor-container elementor-column-gap-default\">\n\t\t\t\t\t<div class=\"elementor-column elementor-col-100 elementor-top-column elementor-element elementor-element-18efe94d\" data-id=\"18efe94d\" data-element_type=\"column\" data-e-type=\"column\">\n\t\t\t<div class=\"elementor-widget-wrap elementor-element-populated\">\n\t\t\t\t\t\t<div class=\"elementor-element elementor-element-a7c6f4d elementor-widget elementor-widget-image\" data-id=\"a7c6f4d\" data-element_type=\"widget\" data-e-type=\"widget\" data-widget_type=\"image.default\">\n\t\t\t\t<div class=\"elementor-widget-container\">\n\t\t\t\t\t\t\t\t\t\t\t\t\t\t\t\t<a href=\"https:\/\/dirkzache.com\/wp-content\/uploads\/2024\/11\/IMG_7725-Ak-min-scaled.jpg\" data-elementor-open-lightbox=\"yes\" data-e-action-hash=\"#elementor-action%3Aaction%3Dlightbox%26settings%3DeyJpZCI6MjMzNSwidXJsIjoiaHR0cHM6XC9cL2Rpcmt6YWNoZS5jb21cL3dwLWNvbnRlbnRcL3VwbG9hZHNcLzIwMjRcLzExXC9JTUdfNzcyNS1Bay1taW4tc2NhbGVkLmpwZyJ9\">\n\t\t\t\t\t\t\t<img fetchpriority=\"high\" decoding=\"async\" width=\"800\" height=\"450\" src=\"https:\/\/dirkzache.com\/wp-content\/uploads\/2024\/11\/IMG_7725-Ak-min-1024x576.jpg\" class=\"attachment-large size-large wp-image-2335\" alt=\"\" srcset=\"https:\/\/dirkzache.com\/wp-content\/uploads\/2024\/11\/IMG_7725-Ak-min-1024x576.jpg 1024w, https:\/\/dirkzache.com\/wp-content\/uploads\/2024\/11\/IMG_7725-Ak-min-300x169.jpg 300w, https:\/\/dirkzache.com\/wp-content\/uploads\/2024\/11\/IMG_7725-Ak-min-768x432.jpg 768w, https:\/\/dirkzache.com\/wp-content\/uploads\/2024\/11\/IMG_7725-Ak-min-1536x864.jpg 1536w, https:\/\/dirkzache.com\/wp-content\/uploads\/2024\/11\/IMG_7725-Ak-min-2048x1152.jpg 2048w, https:\/\/dirkzache.com\/wp-content\/uploads\/2024\/11\/IMG_7725-Ak-min-18x10.jpg 18w\" sizes=\"(max-width: 800px) 100vw, 800px\" \/>\t\t\t\t\t\t\t\t<\/a>\n\t\t\t\t\t\t\t\t\t\t\t\t\t\t\t<\/div>\n\t\t\t\t<\/div>\n\t\t\t\t<div class=\"elementor-element elementor-element-64e7593b elementor-widget elementor-widget-heading\" data-id=\"64e7593b\" data-element_type=\"widget\" data-e-type=\"widget\" data-widget_type=\"heading.default\">\n\t\t\t\t<div class=\"elementor-widget-container\">\n\t\t\t\t\t<h2 class=\"elementor-heading-title elementor-size-default\">Tanzende Seerosen<\/h2>\t\t\t\t<\/div>\n\t\t\t\t<\/div>\n\t\t\t\t<div class=\"elementor-element elementor-element-c3627c9 elementor-widget elementor-widget-text-editor\" data-id=\"c3627c9\" data-element_type=\"widget\" data-e-type=\"widget\" data-widget_type=\"text-editor.default\">\n\t\t\t\t<div class=\"elementor-widget-container\">\n\t\t\t\t\t\t\t\t\t<p>2024<br \/>modulare Plastik, 9-teilige Bronze, mehrschichtig patiniert<br \/>Boden- und\/oder Wandinstallation<br \/>Gr\u00f6\u00dfe variabel<\/p>\t\t\t\t\t\t\t\t<\/div>\n\t\t\t\t<\/div>\n\t\t\t\t\t<\/div>\n\t\t<\/div>\n\t\t\t\t\t<\/div>\n\t\t<\/section>\n\t\t\t\t<section class=\"elementor-section elementor-top-section elementor-element elementor-element-7fe49df1 elementor-section-boxed elementor-section-height-default elementor-section-height-default\" data-id=\"7fe49df1\" data-element_type=\"section\" data-e-type=\"section\">\n\t\t\t\t\t\t<div class=\"elementor-container elementor-column-gap-default\">\n\t\t\t\t\t<div class=\"elementor-column elementor-col-100 elementor-top-column elementor-element elementor-element-224881ba\" data-id=\"224881ba\" data-element_type=\"column\" data-e-type=\"column\">\n\t\t\t<div class=\"elementor-widget-wrap elementor-element-populated\">\n\t\t\t\t\t\t<div class=\"elementor-element elementor-element-52e8d6e3 elementor-widget elementor-widget-gallery\" data-id=\"52e8d6e3\" data-element_type=\"widget\" data-e-type=\"widget\" data-settings=\"{&quot;columns&quot;:3,&quot;aspect_ratio&quot;:&quot;1:1&quot;,&quot;gap&quot;:{&quot;unit&quot;:&quot;px&quot;,&quot;size&quot;:30,&quot;sizes&quot;:[]},&quot;lazyload&quot;:&quot;yes&quot;,&quot;gallery_layout&quot;:&quot;grid&quot;,&quot;columns_tablet&quot;:2,&quot;columns_mobile&quot;:1,&quot;gap_tablet&quot;:{&quot;unit&quot;:&quot;px&quot;,&quot;size&quot;:10,&quot;sizes&quot;:[]},&quot;gap_mobile&quot;:{&quot;unit&quot;:&quot;px&quot;,&quot;size&quot;:10,&quot;sizes&quot;:[]},&quot;link_to&quot;:&quot;file&quot;,&quot;overlay_background&quot;:&quot;yes&quot;,&quot;content_hover_animation&quot;:&quot;fade-in&quot;}\" data-widget_type=\"gallery.default\">\n\t\t\t\t<div class=\"elementor-widget-container\">\n\t\t\t\t\t\t\t<div class=\"elementor-gallery__container\">\n\t\t\t\t\t\t\t<a class=\"e-gallery-item elementor-gallery-item elementor-animated-content\" href=\"https:\/\/dirkzache.com\/wp-content\/uploads\/2024\/11\/DSC0453-Ak-Kontrast-50-min-scaled.jpg\" data-elementor-open-lightbox=\"yes\" data-elementor-lightbox-slideshow=\"52e8d6e3\" data-e-action-hash=\"#elementor-action%3Aaction%3Dlightbox%26settings%3DeyJpZCI6MjQ0MiwidXJsIjoiaHR0cHM6XC9cL2Rpcmt6YWNoZS5jb21cL3dwLWNvbnRlbnRcL3VwbG9hZHNcLzIwMjRcLzExXC9EU0MwNDUzLUFrLUtvbnRyYXN0LTUwLW1pbi1zY2FsZWQuanBnIiwic2xpZGVzaG93IjoiNTJlOGQ2ZTMifQ%3D%3D\">\n\t\t\t\t\t<div class=\"e-gallery-image elementor-gallery-item__image\" data-thumbnail=\"https:\/\/dirkzache.com\/wp-content\/uploads\/2024\/11\/DSC0453-Ak-Kontrast-50-min-1024x576.jpg\" data-width=\"800\" data-height=\"450\" aria-label=\"\" role=\"img\" ><\/div>\n\t\t\t\t\t\t\t\t\t\t\t<div class=\"elementor-gallery-item__overlay\"><\/div>\n\t\t\t\t\t\t\t\t\t\t\t\t\t\t<\/a>\n\t\t\t\t\t\t\t<a class=\"e-gallery-item elementor-gallery-item elementor-animated-content\" href=\"https:\/\/dirkzache.com\/wp-content\/uploads\/2024\/11\/DSC0456-dito-min-1-scaled.jpg\" data-elementor-open-lightbox=\"yes\" data-elementor-lightbox-slideshow=\"52e8d6e3\" data-e-action-hash=\"#elementor-action%3Aaction%3Dlightbox%26settings%3DeyJpZCI6MjQ0MSwidXJsIjoiaHR0cHM6XC9cL2Rpcmt6YWNoZS5jb21cL3dwLWNvbnRlbnRcL3VwbG9hZHNcLzIwMjRcLzExXC9EU0MwNDU2LWRpdG8tbWluLTEtc2NhbGVkLmpwZyIsInNsaWRlc2hvdyI6IjUyZThkNmUzIn0%3D\">\n\t\t\t\t\t<div class=\"e-gallery-image elementor-gallery-item__image\" data-thumbnail=\"https:\/\/dirkzache.com\/wp-content\/uploads\/2024\/11\/DSC0456-dito-min-1-1024x576.jpg\" data-width=\"800\" data-height=\"450\" aria-label=\"\" role=\"img\" ><\/div>\n\t\t\t\t\t\t\t\t\t\t\t<div class=\"elementor-gallery-item__overlay\"><\/div>\n\t\t\t\t\t\t\t\t\t\t\t\t\t\t<\/a>\n\t\t\t\t\t\t\t<a class=\"e-gallery-item elementor-gallery-item elementor-animated-content\" href=\"https:\/\/dirkzache.com\/wp-content\/uploads\/2024\/11\/DSC0458-Ak-dito-min-scaled.jpg\" data-elementor-open-lightbox=\"yes\" data-elementor-lightbox-slideshow=\"52e8d6e3\" data-e-action-hash=\"#elementor-action%3Aaction%3Dlightbox%26settings%3DeyJpZCI6MjQzNSwidXJsIjoiaHR0cHM6XC9cL2Rpcmt6YWNoZS5jb21cL3dwLWNvbnRlbnRcL3VwbG9hZHNcLzIwMjRcLzExXC9EU0MwNDU4LUFrLWRpdG8tbWluLXNjYWxlZC5qcGciLCJzbGlkZXNob3ciOiI1MmU4ZDZlMyJ9\">\n\t\t\t\t\t<div class=\"e-gallery-image elementor-gallery-item__image\" data-thumbnail=\"https:\/\/dirkzache.com\/wp-content\/uploads\/2024\/11\/DSC0458-Ak-dito-min-1024x576.jpg\" data-width=\"800\" data-height=\"450\" aria-label=\"\" role=\"img\" ><\/div>\n\t\t\t\t\t\t\t\t\t\t\t<div class=\"elementor-gallery-item__overlay\"><\/div>\n\t\t\t\t\t\t\t\t\t\t\t\t\t\t<\/a>\n\t\t\t\t\t\t\t<a class=\"e-gallery-item elementor-gallery-item elementor-animated-content\" href=\"https:\/\/dirkzache.com\/wp-content\/uploads\/2024\/11\/DSC0463-dito-min-scaled.jpg\" data-elementor-open-lightbox=\"yes\" data-elementor-lightbox-slideshow=\"52e8d6e3\" data-e-action-hash=\"#elementor-action%3Aaction%3Dlightbox%26settings%3DeyJpZCI6MjQzNiwidXJsIjoiaHR0cHM6XC9cL2Rpcmt6YWNoZS5jb21cL3dwLWNvbnRlbnRcL3VwbG9hZHNcLzIwMjRcLzExXC9EU0MwNDYzLWRpdG8tbWluLXNjYWxlZC5qcGciLCJzbGlkZXNob3ciOiI1MmU4ZDZlMyJ9\">\n\t\t\t\t\t<div class=\"e-gallery-image elementor-gallery-item__image\" data-thumbnail=\"https:\/\/dirkzache.com\/wp-content\/uploads\/2024\/11\/DSC0463-dito-min-1024x576.jpg\" data-width=\"800\" data-height=\"450\" aria-label=\"\" role=\"img\" ><\/div>\n\t\t\t\t\t\t\t\t\t\t\t<div class=\"elementor-gallery-item__overlay\"><\/div>\n\t\t\t\t\t\t\t\t\t\t\t\t\t\t<\/a>\n\t\t\t\t\t\t\t<a class=\"e-gallery-item elementor-gallery-item elementor-animated-content\" href=\"https:\/\/dirkzache.com\/wp-content\/uploads\/2024\/11\/DSC0470-ditp-min-scaled.jpg\" data-elementor-open-lightbox=\"yes\" data-elementor-lightbox-slideshow=\"52e8d6e3\" data-elementor-lightbox-title=\"... und sie tanzen doch  ...\" data-e-action-hash=\"#elementor-action%3Aaction%3Dlightbox%26settings%3DeyJpZCI6MjQzNywidXJsIjoiaHR0cHM6XC9cL2Rpcmt6YWNoZS5jb21cL3dwLWNvbnRlbnRcL3VwbG9hZHNcLzIwMjRcLzExXC9EU0MwNDcwLWRpdHAtbWluLXNjYWxlZC5qcGciLCJzbGlkZXNob3ciOiI1MmU4ZDZlMyJ9\">\n\t\t\t\t\t<div class=\"e-gallery-image elementor-gallery-item__image\" data-thumbnail=\"https:\/\/dirkzache.com\/wp-content\/uploads\/2024\/11\/DSC0470-ditp-min-1024x576.jpg\" data-width=\"800\" data-height=\"450\" aria-label=\"\" role=\"img\" ><\/div>\n\t\t\t\t\t\t\t\t\t\t\t<div class=\"elementor-gallery-item__overlay\"><\/div>\n\t\t\t\t\t\t\t\t\t\t\t\t\t\t<\/a>\n\t\t\t\t\t\t\t<a class=\"e-gallery-item elementor-gallery-item elementor-animated-content\" href=\"https:\/\/dirkzache.com\/wp-content\/uploads\/2024\/11\/DSC0475-dito-min-scaled.jpg\" data-elementor-open-lightbox=\"yes\" data-elementor-lightbox-slideshow=\"52e8d6e3\" data-e-action-hash=\"#elementor-action%3Aaction%3Dlightbox%26settings%3DeyJpZCI6MjQzOSwidXJsIjoiaHR0cHM6XC9cL2Rpcmt6YWNoZS5jb21cL3dwLWNvbnRlbnRcL3VwbG9hZHNcLzIwMjRcLzExXC9EU0MwNDc1LWRpdG8tbWluLXNjYWxlZC5qcGciLCJzbGlkZXNob3ciOiI1MmU4ZDZlMyJ9\">\n\t\t\t\t\t<div class=\"e-gallery-image elementor-gallery-item__image\" data-thumbnail=\"https:\/\/dirkzache.com\/wp-content\/uploads\/2024\/11\/DSC0475-dito-min-1024x576.jpg\" data-width=\"800\" data-height=\"450\" aria-label=\"\" role=\"img\" ><\/div>\n\t\t\t\t\t\t\t\t\t\t\t<div class=\"elementor-gallery-item__overlay\"><\/div>\n\t\t\t\t\t\t\t\t\t\t\t\t\t\t<\/a>\n\t\t\t\t\t\t\t<a class=\"e-gallery-item elementor-gallery-item elementor-animated-content\" href=\"https:\/\/dirkzache.com\/wp-content\/uploads\/2024\/11\/IMG_7725-Ak-min-scaled.jpg\" data-elementor-open-lightbox=\"yes\" data-elementor-lightbox-slideshow=\"52e8d6e3\" data-e-action-hash=\"#elementor-action%3Aaction%3Dlightbox%26settings%3DeyJpZCI6MjMzNSwidXJsIjoiaHR0cHM6XC9cL2Rpcmt6YWNoZS5jb21cL3dwLWNvbnRlbnRcL3VwbG9hZHNcLzIwMjRcLzExXC9JTUdfNzcyNS1Bay1taW4tc2NhbGVkLmpwZyIsInNsaWRlc2hvdyI6IjUyZThkNmUzIn0%3D\">\n\t\t\t\t\t<div class=\"e-gallery-image elementor-gallery-item__image\" data-thumbnail=\"https:\/\/dirkzache.com\/wp-content\/uploads\/2024\/11\/IMG_7725-Ak-min-1024x576.jpg\" data-width=\"800\" data-height=\"450\" aria-label=\"\" role=\"img\" ><\/div>\n\t\t\t\t\t\t\t\t\t\t\t<div class=\"elementor-gallery-item__overlay\"><\/div>\n\t\t\t\t\t\t\t\t\t\t\t\t\t\t<\/a>\n\t\t\t\t\t\t\t<a class=\"e-gallery-item elementor-gallery-item elementor-animated-content\" href=\"https:\/\/dirkzache.com\/wp-content\/uploads\/2024\/11\/IMG_7775-Ak-min-scaled.jpg\" data-elementor-open-lightbox=\"yes\" data-elementor-lightbox-slideshow=\"52e8d6e3\" data-e-action-hash=\"#elementor-action%3Aaction%3Dlightbox%26settings%3DeyJpZCI6MjMzOSwidXJsIjoiaHR0cHM6XC9cL2Rpcmt6YWNoZS5jb21cL3dwLWNvbnRlbnRcL3VwbG9hZHNcLzIwMjRcLzExXC9JTUdfNzc3NS1Bay1taW4tc2NhbGVkLmpwZyIsInNsaWRlc2hvdyI6IjUyZThkNmUzIn0%3D\">\n\t\t\t\t\t<div class=\"e-gallery-image elementor-gallery-item__image\" data-thumbnail=\"https:\/\/dirkzache.com\/wp-content\/uploads\/2024\/11\/IMG_7775-Ak-min-1024x477.jpg\" data-width=\"800\" data-height=\"373\" aria-label=\"\" role=\"img\" ><\/div>\n\t\t\t\t\t\t\t\t\t\t\t<div class=\"elementor-gallery-item__overlay\"><\/div>\n\t\t\t\t\t\t\t\t\t\t\t\t\t\t<\/a>\n\t\t\t\t\t\t\t<a class=\"e-gallery-item elementor-gallery-item elementor-animated-content\" href=\"https:\/\/dirkzache.com\/wp-content\/uploads\/2024\/11\/IMG_7801-min-scaled.jpg\" data-elementor-open-lightbox=\"yes\" data-elementor-lightbox-slideshow=\"52e8d6e3\" data-e-action-hash=\"#elementor-action%3Aaction%3Dlightbox%26settings%3DeyJpZCI6MjM0MiwidXJsIjoiaHR0cHM6XC9cL2Rpcmt6YWNoZS5jb21cL3dwLWNvbnRlbnRcL3VwbG9hZHNcLzIwMjRcLzExXC9JTUdfNzgwMS1taW4tc2NhbGVkLmpwZyIsInNsaWRlc2hvdyI6IjUyZThkNmUzIn0%3D\">\n\t\t\t\t\t<div class=\"e-gallery-image elementor-gallery-item__image\" data-thumbnail=\"https:\/\/dirkzache.com\/wp-content\/uploads\/2024\/11\/IMG_7801-min-1024x1024.jpg\" data-width=\"800\" data-height=\"800\" aria-label=\"\" role=\"img\" ><\/div>\n\t\t\t\t\t\t\t\t\t\t\t<div class=\"elementor-gallery-item__overlay\"><\/div>\n\t\t\t\t\t\t\t\t\t\t\t\t\t\t<\/a>\n\t\t\t\t\t\t\t<a class=\"e-gallery-item elementor-gallery-item elementor-animated-content\" href=\"https:\/\/dirkzache.com\/wp-content\/uploads\/2024\/11\/IMG_7818-min-scaled.jpg\" data-elementor-open-lightbox=\"yes\" data-elementor-lightbox-slideshow=\"52e8d6e3\" data-e-action-hash=\"#elementor-action%3Aaction%3Dlightbox%26settings%3DeyJpZCI6MjM0MywidXJsIjoiaHR0cHM6XC9cL2Rpcmt6YWNoZS5jb21cL3dwLWNvbnRlbnRcL3VwbG9hZHNcLzIwMjRcLzExXC9JTUdfNzgxOC1taW4tc2NhbGVkLmpwZyIsInNsaWRlc2hvdyI6IjUyZThkNmUzIn0%3D\">\n\t\t\t\t\t<div class=\"e-gallery-image elementor-gallery-item__image\" data-thumbnail=\"https:\/\/dirkzache.com\/wp-content\/uploads\/2024\/11\/IMG_7818-min-1024x1024.jpg\" data-width=\"800\" data-height=\"800\" aria-label=\"\" role=\"img\" ><\/div>\n\t\t\t\t\t\t\t\t\t\t\t<div class=\"elementor-gallery-item__overlay\"><\/div>\n\t\t\t\t\t\t\t\t\t\t\t\t\t\t<\/a>\n\t\t\t\t\t\t\t<a class=\"e-gallery-item elementor-gallery-item elementor-animated-content\" href=\"https:\/\/dirkzache.com\/wp-content\/uploads\/2024\/11\/IMG_7828-min-scaled.jpg\" data-elementor-open-lightbox=\"yes\" data-elementor-lightbox-slideshow=\"52e8d6e3\" data-e-action-hash=\"#elementor-action%3Aaction%3Dlightbox%26settings%3DeyJpZCI6MjM0NCwidXJsIjoiaHR0cHM6XC9cL2Rpcmt6YWNoZS5jb21cL3dwLWNvbnRlbnRcL3VwbG9hZHNcLzIwMjRcLzExXC9JTUdfNzgyOC1taW4tc2NhbGVkLmpwZyIsInNsaWRlc2hvdyI6IjUyZThkNmUzIn0%3D\">\n\t\t\t\t\t<div class=\"e-gallery-image elementor-gallery-item__image\" data-thumbnail=\"https:\/\/dirkzache.com\/wp-content\/uploads\/2024\/11\/IMG_7828-min-768x1024.jpg\" data-width=\"768\" data-height=\"1024\" aria-label=\"\" role=\"img\" ><\/div>\n\t\t\t\t\t\t\t\t\t\t\t<div class=\"elementor-gallery-item__overlay\"><\/div>\n\t\t\t\t\t\t\t\t\t\t\t\t\t\t<\/a>\n\t\t\t\t\t\t\t<a class=\"e-gallery-item elementor-gallery-item elementor-animated-content\" href=\"https:\/\/dirkzache.com\/wp-content\/uploads\/2024\/11\/IMG_7797-min-scaled.jpg\" data-elementor-open-lightbox=\"yes\" data-elementor-lightbox-slideshow=\"52e8d6e3\" data-e-action-hash=\"#elementor-action%3Aaction%3Dlightbox%26settings%3DeyJpZCI6MjM0MSwidXJsIjoiaHR0cHM6XC9cL2Rpcmt6YWNoZS5jb21cL3dwLWNvbnRlbnRcL3VwbG9hZHNcLzIwMjRcLzExXC9JTUdfNzc5Ny1taW4tc2NhbGVkLmpwZyIsInNsaWRlc2hvdyI6IjUyZThkNmUzIn0%3D\">\n\t\t\t\t\t<div class=\"e-gallery-image elementor-gallery-item__image\" data-thumbnail=\"https:\/\/dirkzache.com\/wp-content\/uploads\/2024\/11\/IMG_7797-min-1024x1024.jpg\" data-width=\"800\" data-height=\"800\" aria-label=\"\" role=\"img\" ><\/div>\n\t\t\t\t\t\t\t\t\t\t\t<div class=\"elementor-gallery-item__overlay\"><\/div>\n\t\t\t\t\t\t\t\t\t\t\t\t\t\t<\/a>\n\t\t\t\t\t\t\t<a class=\"e-gallery-item elementor-gallery-item elementor-animated-content\" href=\"https:\/\/dirkzache.com\/wp-content\/uploads\/2024\/11\/IMG_7628-AK-min-scaled.jpg\" data-elementor-open-lightbox=\"yes\" data-elementor-lightbox-slideshow=\"52e8d6e3\" data-e-action-hash=\"#elementor-action%3Aaction%3Dlightbox%26settings%3DeyJpZCI6MjMzMywidXJsIjoiaHR0cHM6XC9cL2Rpcmt6YWNoZS5jb21cL3dwLWNvbnRlbnRcL3VwbG9hZHNcLzIwMjRcLzExXC9JTUdfNzYyOC1BSy1taW4tc2NhbGVkLmpwZyIsInNsaWRlc2hvdyI6IjUyZThkNmUzIn0%3D\">\n\t\t\t\t\t<div class=\"e-gallery-image elementor-gallery-item__image\" data-thumbnail=\"https:\/\/dirkzache.com\/wp-content\/uploads\/2024\/11\/IMG_7628-AK-min-1024x576.jpg\" data-width=\"800\" data-height=\"450\" aria-label=\"\" role=\"img\" ><\/div>\n\t\t\t\t\t\t\t\t\t\t\t<div class=\"elementor-gallery-item__overlay\"><\/div>\n\t\t\t\t\t\t\t\t\t\t\t\t\t\t<\/a>\n\t\t\t\t\t\t\t<a class=\"e-gallery-item elementor-gallery-item elementor-animated-content\" href=\"https:\/\/dirkzache.com\/wp-content\/uploads\/2024\/11\/IMG_7927-min-scaled.jpg\" data-elementor-open-lightbox=\"yes\" data-elementor-lightbox-slideshow=\"52e8d6e3\" data-e-action-hash=\"#elementor-action%3Aaction%3Dlightbox%26settings%3DeyJpZCI6MjM0NywidXJsIjoiaHR0cHM6XC9cL2Rpcmt6YWNoZS5jb21cL3dwLWNvbnRlbnRcL3VwbG9hZHNcLzIwMjRcLzExXC9JTUdfNzkyNy1taW4tc2NhbGVkLmpwZyIsInNsaWRlc2hvdyI6IjUyZThkNmUzIn0%3D\">\n\t\t\t\t\t<div class=\"e-gallery-image elementor-gallery-item__image\" data-thumbnail=\"https:\/\/dirkzache.com\/wp-content\/uploads\/2024\/11\/IMG_7927-min-1024x1024.jpg\" data-width=\"800\" data-height=\"800\" aria-label=\"\" role=\"img\" ><\/div>\n\t\t\t\t\t\t\t\t\t\t\t<div class=\"elementor-gallery-item__overlay\"><\/div>\n\t\t\t\t\t\t\t\t\t\t\t\t\t\t<\/a>\n\t\t\t\t\t\t\t<a class=\"e-gallery-item elementor-gallery-item elementor-animated-content\" href=\"https:\/\/dirkzache.com\/wp-content\/uploads\/2024\/11\/IMG_6543-min-scaled.jpg\" data-elementor-open-lightbox=\"yes\" data-elementor-lightbox-slideshow=\"52e8d6e3\" data-elementor-lightbox-title=\"Making-off folgt im Blog\" data-e-action-hash=\"#elementor-action%3Aaction%3Dlightbox%26settings%3DeyJpZCI6MjMzMiwidXJsIjoiaHR0cHM6XC9cL2Rpcmt6YWNoZS5jb21cL3dwLWNvbnRlbnRcL3VwbG9hZHNcLzIwMjRcLzExXC9JTUdfNjU0My1taW4tc2NhbGVkLmpwZyIsInNsaWRlc2hvdyI6IjUyZThkNmUzIn0%3D\">\n\t\t\t\t\t<div class=\"e-gallery-image elementor-gallery-item__image\" data-thumbnail=\"https:\/\/dirkzache.com\/wp-content\/uploads\/2024\/11\/IMG_6543-min-768x1024.jpg\" data-width=\"768\" data-height=\"1024\" aria-label=\"\" role=\"img\" ><\/div>\n\t\t\t\t\t\t\t\t\t\t\t<div class=\"elementor-gallery-item__overlay\"><\/div>\n\t\t\t\t\t\t\t\t\t\t\t\t\t\t<\/a>\n\t\t\t\t\t<\/div>\n\t\t\t\t\t<\/div>\n\t\t\t\t<\/div>\n\t\t\t\t<div class=\"elementor-element elementor-element-15ca3cb5 elementor-widget elementor-widget-heading\" data-id=\"15ca3cb5\" data-element_type=\"widget\" data-e-type=\"widget\" data-widget_type=\"heading.default\">\n\t\t\t\t<div class=\"elementor-widget-container\">\n\t\t\t\t\t<h2 class=\"elementor-heading-title elementor-size-default\">Tanzende Seerosen<\/h2>\t\t\t\t<\/div>\n\t\t\t\t<\/div>\n\t\t\t\t<div class=\"elementor-element elementor-element-77875440 elementor-widget elementor-widget-text-editor\" data-id=\"77875440\" data-element_type=\"widget\" data-e-type=\"widget\" data-widget_type=\"text-editor.default\">\n\t\t\t\t<div class=\"elementor-widget-container\">\n\t\t\t\t\t\t\t\t\t<p>Fasziniert von Monets Seerosen <br>suchte ich nach einer \u00dcbertragung in den Raum: <br>die Farben des Wasser, Lichtreflexe,<br>Formen l\u00f6sen sich auf, kommen in Bewegung. Werden zu Seerosen.<br>Auch ein Baum kann eine Seerose sein&#8230;<br><\/p>\t\t\t\t\t\t\t\t<\/div>\n\t\t\t\t<\/div>\n\t\t\t\t\t<\/div>\n\t\t<\/div>\n\t\t\t\t\t<\/div>\n\t\t<\/section>\n\t\t\t\t<\/div>","protected":false},"excerpt":{"rendered":"<p>Tanzende Seerosen 2024modulare Plastik, 9-teilige Bronze, mehrschichtig patiniertBoden- und\/oder WandinstallationGr\u00f6\u00dfe variabel Tanzende Seerosen Fasziniert von Monets Seerosen suchte ich nach einer \u00dcbertragung in den Raum: die Farben des Wasser, Lichtreflexe,Formen l\u00f6sen sich auf, kommen in Bewegung. Werden zu Seerosen.Auch ein Baum kann eine Seerose sein&#8230;<\/p>","protected":false},"author":1,"featured_media":2335,"parent":448,"menu_order":0,"comment_status":"closed","ping_status":"closed","template":"elementor_header_footer","meta":{"footnotes":""},"class_list":["post-2383","page","type-page","status-publish","has-post-thumbnail","hentry"],"_links":{"self":[{"href":"https:\/\/dirkzache.com\/en\/wp-json\/wp\/v2\/pages\/2383","targetHints":{"allow":["GET"]}}],"collection":[{"href":"https:\/\/dirkzache.com\/en\/wp-json\/wp\/v2\/pages"}],"about":[{"href":"https:\/\/dirkzache.com\/en\/wp-json\/wp\/v2\/types\/page"}],"author":[{"embeddable":true,"href":"https:\/\/dirkzache.com\/en\/wp-json\/wp\/v2\/users\/1"}],"replies":[{"embeddable":true,"href":"https:\/\/dirkzache.com\/en\/wp-json\/wp\/v2\/comments?post=2383"}],"version-history":[{"count":22,"href":"https:\/\/dirkzache.com\/en\/wp-json\/wp\/v2\/pages\/2383\/revisions"}],"predecessor-version":[{"id":2471,"href":"https:\/\/dirkzache.com\/en\/wp-json\/wp\/v2\/pages\/2383\/revisions\/2471"}],"up":[{"embeddable":true,"href":"https:\/\/dirkzache.com\/en\/wp-json\/wp\/v2\/pages\/448"}],"wp:featuredmedia":[{"embeddable":true,"href":"https:\/\/dirkzache.com\/en\/wp-json\/wp\/v2\/media\/2335"}],"wp:attachment":[{"href":"https:\/\/dirkzache.com\/en\/wp-json\/wp\/v2\/media?parent=2383"}],"curies":[{"name":"wp","href":"https:\/\/api.w.org\/{rel}","templated":true}]}}