{"id":2075,"date":"2023-03-02T13:02:34","date_gmt":"2023-03-02T13:02:34","guid":{"rendered":"https:\/\/dirkzache.com\/?page_id=2075"},"modified":"2023-07-05T11:08:45","modified_gmt":"2023-07-05T11:08:45","slug":"altar-des-jordanischen-faerbers-2","status":"publish","type":"page","link":"https:\/\/dirkzache.com\/en\/aktuelle-arbeiten\/altar-des-jordanischen-faerbers-2\/","title":{"rendered":"Altar des jordanischen F\u00e4rbers      2.23"},"content":{"rendered":"<div data-elementor-type=\"wp-page\" data-elementor-id=\"2075\" class=\"elementor elementor-2075\" data-elementor-post-type=\"page\">\n\t\t\t\t\t\t<section class=\"elementor-section elementor-top-section elementor-element elementor-element-16ac54cd elementor-section-boxed elementor-section-height-default elementor-section-height-default\" data-id=\"16ac54cd\" data-element_type=\"section\" data-e-type=\"section\">\n\t\t\t\t\t\t<div class=\"elementor-container elementor-column-gap-default\">\n\t\t\t\t\t<div class=\"elementor-column elementor-col-100 elementor-top-column elementor-element elementor-element-280b1ff9\" data-id=\"280b1ff9\" data-element_type=\"column\" data-e-type=\"column\">\n\t\t\t<div class=\"elementor-widget-wrap elementor-element-populated\">\n\t\t\t\t\t\t<div class=\"elementor-element elementor-element-786522fc elementor-widget elementor-widget-gallery\" data-id=\"786522fc\" data-element_type=\"widget\" data-e-type=\"widget\" data-settings=\"{&quot;gallery_layout&quot;:&quot;masonry&quot;,&quot;columns&quot;:1,&quot;gap&quot;:{&quot;unit&quot;:&quot;px&quot;,&quot;size&quot;:85,&quot;sizes&quot;:[]},&quot;lazyload&quot;:&quot;yes&quot;,&quot;columns_tablet&quot;:2,&quot;columns_mobile&quot;:1,&quot;gap_tablet&quot;:{&quot;unit&quot;:&quot;px&quot;,&quot;size&quot;:10,&quot;sizes&quot;:[]},&quot;gap_mobile&quot;:{&quot;unit&quot;:&quot;px&quot;,&quot;size&quot;:10,&quot;sizes&quot;:[]},&quot;link_to&quot;:&quot;file&quot;,&quot;overlay_background&quot;:&quot;yes&quot;,&quot;content_hover_animation&quot;:&quot;fade-in&quot;}\" data-widget_type=\"gallery.default\">\n\t\t\t\t<div class=\"elementor-widget-container\">\n\t\t\t\t\t\t\t<div class=\"elementor-gallery__container\">\n\t\t\t\t\t\t\t<a class=\"e-gallery-item elementor-gallery-item elementor-animated-content\" href=\"https:\/\/dirkzache.com\/wp-content\/uploads\/2023\/03\/DSC4980-Ak-min-scaled.jpg\" data-elementor-open-lightbox=\"yes\" data-elementor-lightbox-slideshow=\"786522fc\" data-elementor-lightbox-title=\"Altar des jordanischen F\u00e4rbers      2.23      3.2023\" data-e-action-hash=\"#elementor-action%3Aaction%3Dlightbox%26settings%3DeyJpZCI6MjA0OSwidXJsIjoiaHR0cHM6XC9cL2Rpcmt6YWNoZS5jb21cL3dwLWNvbnRlbnRcL3VwbG9hZHNcLzIwMjNcLzAzXC9EU0M0OTgwLUFrLW1pbi1zY2FsZWQuanBnIiwic2xpZGVzaG93IjoiNzg2NTIyZmMifQ%3D%3D\">\n\t\t\t\t\t<div class=\"e-gallery-image elementor-gallery-item__image\" data-thumbnail=\"https:\/\/dirkzache.com\/wp-content\/uploads\/2023\/03\/DSC4980-Ak-min-1024x768.jpg\" data-width=\"800\" data-height=\"600\" aria-label=\"\" role=\"img\" ><\/div>\n\t\t\t\t\t\t\t\t\t\t\t<div class=\"elementor-gallery-item__overlay\"><\/div>\n\t\t\t\t\t\t\t\t\t\t\t\t\t\t<\/a>\n\t\t\t\t\t<\/div>\n\t\t\t\t\t<\/div>\n\t\t\t\t<\/div>\n\t\t\t\t<div class=\"elementor-element elementor-element-48f2f288 elementor-widget elementor-widget-heading\" data-id=\"48f2f288\" data-element_type=\"widget\" data-e-type=\"widget\" data-widget_type=\"heading.default\">\n\t\t\t\t<div class=\"elementor-widget-container\">\n\t\t\t\t\t<h2 class=\"elementor-heading-title elementor-size-default\">Altar des Jordanischen F\u00e4rbers<\/h2>\t\t\t\t<\/div>\n\t\t\t\t<\/div>\n\t\t\t\t<div class=\"elementor-element elementor-element-27d2704 elementor-widget elementor-widget-text-editor\" data-id=\"27d2704\" data-element_type=\"widget\" data-e-type=\"widget\" data-widget_type=\"text-editor.default\">\n\t\t\t\t<div class=\"elementor-widget-container\">\n\t\t\t\t\t\t\t\t\t<p><br>2023<br>dreiteiliges Objekt<br>handgesch\u00f6pftes Papier an Holzw\u00e4scheklammern<br>gef\u00e4rbt mit Indigo, bedruckt in Ultramarin mit gebrauchten jordanischen Holzmodeln<br>46x71x3 cm<br><span style=\"color: #800000;\">Ausstellung 2.4.-18.6.23<br>Big Gallery, Dortmund<\/span><\/p>\n<p>An imagin\u00e4rer W\u00e4scheleine vereinen sich historische Druck- und F\u00e4rbetechniken<br>sowie Islam, Christentum und Buddhismus im Blau von Indigo und Lapislazuli.<br>Die W\u00e4scheklammern holen den Altar ins reale Leben.<\/p>\n<p><\/p>\t\t\t\t\t\t\t\t<\/div>\n\t\t\t\t<\/div>\n\t\t\t\t\t<\/div>\n\t\t<\/div>\n\t\t\t\t\t<\/div>\n\t\t<\/section>\n\t\t\t\t<\/div>","protected":false},"excerpt":{"rendered":"<p>Altar des Jordanischen F\u00e4rbers 2023dreiteiliges Objekthandgesch\u00f6pftes Papier an Holzw\u00e4scheklammerngef\u00e4rbt mit Indigo, bedruckt in Ultramarin mit gebrauchten jordanischen Holzmodeln46x71x3 cmAusstellung 2.4.-18.6.23Big Gallery, Dortmund An imagin\u00e4rer W\u00e4scheleine vereinen sich historische Druck- und F\u00e4rbetechnikensowie Islam, Christentum und Buddhismus im Blau von Indigo und Lapislazuli.Die W\u00e4scheklammern holen den Altar ins reale Leben.<\/p>","protected":false},"author":1,"featured_media":2049,"parent":448,"menu_order":0,"comment_status":"closed","ping_status":"closed","template":"elementor_header_footer","meta":{"footnotes":""},"class_list":["post-2075","page","type-page","status-publish","has-post-thumbnail","hentry"],"_links":{"self":[{"href":"https:\/\/dirkzache.com\/en\/wp-json\/wp\/v2\/pages\/2075","targetHints":{"allow":["GET"]}}],"collection":[{"href":"https:\/\/dirkzache.com\/en\/wp-json\/wp\/v2\/pages"}],"about":[{"href":"https:\/\/dirkzache.com\/en\/wp-json\/wp\/v2\/types\/page"}],"author":[{"embeddable":true,"href":"https:\/\/dirkzache.com\/en\/wp-json\/wp\/v2\/users\/1"}],"replies":[{"embeddable":true,"href":"https:\/\/dirkzache.com\/en\/wp-json\/wp\/v2\/comments?post=2075"}],"version-history":[{"count":46,"href":"https:\/\/dirkzache.com\/en\/wp-json\/wp\/v2\/pages\/2075\/revisions"}],"predecessor-version":[{"id":2205,"href":"https:\/\/dirkzache.com\/en\/wp-json\/wp\/v2\/pages\/2075\/revisions\/2205"}],"up":[{"embeddable":true,"href":"https:\/\/dirkzache.com\/en\/wp-json\/wp\/v2\/pages\/448"}],"wp:featuredmedia":[{"embeddable":true,"href":"https:\/\/dirkzache.com\/en\/wp-json\/wp\/v2\/media\/2049"}],"wp:attachment":[{"href":"https:\/\/dirkzache.com\/en\/wp-json\/wp\/v2\/media?parent=2075"}],"curies":[{"name":"wp","href":"https:\/\/api.w.org\/{rel}","templated":true}]}}