{"id":2017,"date":"2023-03-02T11:37:08","date_gmt":"2023-03-02T11:37:08","guid":{"rendered":"https:\/\/dirkzache.com\/?page_id=2017"},"modified":"2024-11-18T12:28:19","modified_gmt":"2024-11-18T12:28:19","slug":"undine-2-2023","status":"publish","type":"page","link":"https:\/\/dirkzache.com\/en\/aktuelle-arbeiten\/undine-2-2023\/","title":{"rendered":"Undine"},"content":{"rendered":"<div data-elementor-type=\"wp-page\" data-elementor-id=\"2017\" class=\"elementor elementor-2017\" data-elementor-post-type=\"page\">\n\t\t\t\t\t\t<section class=\"elementor-section elementor-top-section elementor-element elementor-element-7893e83 elementor-section-boxed elementor-section-height-default elementor-section-height-default\" data-id=\"7893e83\" data-element_type=\"section\" data-e-type=\"section\">\n\t\t\t\t\t\t<div class=\"elementor-container elementor-column-gap-default\">\n\t\t\t\t\t<div class=\"elementor-column elementor-col-100 elementor-top-column elementor-element elementor-element-750612f2\" data-id=\"750612f2\" data-element_type=\"column\" data-e-type=\"column\">\n\t\t\t<div class=\"elementor-widget-wrap elementor-element-populated\">\n\t\t\t\t\t\t<div class=\"elementor-element elementor-element-67642ae3 elementor-widget elementor-widget-gallery\" data-id=\"67642ae3\" data-element_type=\"widget\" data-e-type=\"widget\" data-settings=\"{&quot;gallery_layout&quot;:&quot;masonry&quot;,&quot;columns&quot;:3,&quot;gap&quot;:{&quot;unit&quot;:&quot;px&quot;,&quot;size&quot;:30,&quot;sizes&quot;:[]},&quot;lazyload&quot;:&quot;yes&quot;,&quot;columns_tablet&quot;:2,&quot;columns_mobile&quot;:1,&quot;gap_tablet&quot;:{&quot;unit&quot;:&quot;px&quot;,&quot;size&quot;:10,&quot;sizes&quot;:[]},&quot;gap_mobile&quot;:{&quot;unit&quot;:&quot;px&quot;,&quot;size&quot;:10,&quot;sizes&quot;:[]},&quot;link_to&quot;:&quot;file&quot;,&quot;overlay_background&quot;:&quot;yes&quot;,&quot;content_hover_animation&quot;:&quot;fade-in&quot;}\" data-widget_type=\"gallery.default\">\n\t\t\t\t<div class=\"elementor-widget-container\">\n\t\t\t\t\t\t\t<div class=\"elementor-gallery__container\">\n\t\t\t\t\t\t\t<a class=\"e-gallery-item elementor-gallery-item elementor-animated-content\" href=\"https:\/\/dirkzache.com\/wp-content\/uploads\/2023\/03\/DSC04338-Qk-min-1-scaled.jpg\" data-elementor-open-lightbox=\"yes\" data-elementor-lightbox-slideshow=\"67642ae3\" data-elementor-lightbox-title=\"Undine IV      2.2023\" data-e-action-hash=\"#elementor-action%3Aaction%3Dlightbox%26settings%3DeyJpZCI6MjAxNCwidXJsIjoiaHR0cHM6XC9cL2Rpcmt6YWNoZS5jb21cL3dwLWNvbnRlbnRcL3VwbG9hZHNcLzIwMjNcLzAzXC9EU0MwNDMzOC1Ray1taW4tMS1zY2FsZWQuanBnIiwic2xpZGVzaG93IjoiNjc2NDJhZTMifQ%3D%3D\">\n\t\t\t\t\t<div class=\"e-gallery-image elementor-gallery-item__image\" data-thumbnail=\"https:\/\/dirkzache.com\/wp-content\/uploads\/2023\/03\/DSC04338-Qk-min-1-1024x1024.jpg\" data-width=\"800\" data-height=\"800\" aria-label=\"\" role=\"img\" ><\/div>\n\t\t\t\t\t\t\t\t\t\t\t<div class=\"elementor-gallery-item__overlay\"><\/div>\n\t\t\t\t\t\t\t\t\t\t\t\t\t\t<\/a>\n\t\t\t\t\t\t\t<a class=\"e-gallery-item elementor-gallery-item elementor-animated-content\" href=\"https:\/\/dirkzache.com\/wp-content\/uploads\/2023\/03\/DSC04346-K-60F-20S-Q-K-L-20-F30-s10-min-scaled.jpg\" data-elementor-open-lightbox=\"yes\" data-elementor-lightbox-slideshow=\"67642ae3\" data-elementor-lightbox-title=\"Undine V      2.2023\" data-e-action-hash=\"#elementor-action%3Aaction%3Dlightbox%26settings%3DeyJpZCI6MjAxNiwidXJsIjoiaHR0cHM6XC9cL2Rpcmt6YWNoZS5jb21cL3dwLWNvbnRlbnRcL3VwbG9hZHNcLzIwMjNcLzAzXC9EU0MwNDM0Ni1LLTYwRi0yMFMtUS1LLUwtMjAtRjMwLXMxMC1taW4tc2NhbGVkLmpwZyIsInNsaWRlc2hvdyI6IjY3NjQyYWUzIn0%3D\">\n\t\t\t\t\t<div class=\"e-gallery-image elementor-gallery-item__image\" data-thumbnail=\"https:\/\/dirkzache.com\/wp-content\/uploads\/2023\/03\/DSC04346-K-60F-20S-Q-K-L-20-F30-s10-min-1024x1024.jpg\" data-width=\"800\" data-height=\"800\" aria-label=\"\" role=\"img\" ><\/div>\n\t\t\t\t\t\t\t\t\t\t\t<div class=\"elementor-gallery-item__overlay\"><\/div>\n\t\t\t\t\t\t\t\t\t\t\t\t\t\t<\/a>\n\t\t\t\t\t\t\t<a class=\"e-gallery-item elementor-gallery-item elementor-animated-content\" href=\"https:\/\/dirkzache.com\/wp-content\/uploads\/2023\/03\/DSC04340-Qk-min-scaled.jpg\" data-elementor-open-lightbox=\"yes\" data-elementor-lightbox-slideshow=\"67642ae3\" data-elementor-lightbox-title=\"Undine VII      2.2023\" data-e-action-hash=\"#elementor-action%3Aaction%3Dlightbox%26settings%3DeyJpZCI6MjAxNSwidXJsIjoiaHR0cHM6XC9cL2Rpcmt6YWNoZS5jb21cL3dwLWNvbnRlbnRcL3VwbG9hZHNcLzIwMjNcLzAzXC9EU0MwNDM0MC1Ray1taW4tc2NhbGVkLmpwZyIsInNsaWRlc2hvdyI6IjY3NjQyYWUzIn0%3D\">\n\t\t\t\t\t<div class=\"e-gallery-image elementor-gallery-item__image\" data-thumbnail=\"https:\/\/dirkzache.com\/wp-content\/uploads\/2023\/03\/DSC04340-Qk-min-1024x1024.jpg\" data-width=\"800\" data-height=\"800\" aria-label=\"\" role=\"img\" ><\/div>\n\t\t\t\t\t\t\t\t\t\t\t<div class=\"elementor-gallery-item__overlay\"><\/div>\n\t\t\t\t\t\t\t\t\t\t\t\t\t\t<\/a>\n\t\t\t\t\t<\/div>\n\t\t\t\t\t<\/div>\n\t\t\t\t<\/div>\n\t\t\t\t<div class=\"elementor-element elementor-element-58b8b777 elementor-widget elementor-widget-heading\" data-id=\"58b8b777\" data-element_type=\"widget\" data-e-type=\"widget\" data-widget_type=\"heading.default\">\n\t\t\t\t<div class=\"elementor-widget-container\">\n\t\t\t\t\t<h2 class=\"elementor-heading-title elementor-size-default\">Undine<\/h2>\t\t\t\t<\/div>\n\t\t\t\t<\/div>\n\t\t\t\t<div class=\"elementor-element elementor-element-19b3b7b4 elementor-widget elementor-widget-text-editor\" data-id=\"19b3b7b4\" data-element_type=\"widget\" data-e-type=\"widget\" data-widget_type=\"text-editor.default\">\n\t\t\t\t<div class=\"elementor-widget-container\">\n\t\t\t\t\t\t\t\t\t<p>2023<br>Fotografie hinter Acryl<br>50 x 50 cm<br>limitierte Auflage: 10 Ex.+2A.P.<\/p>\n<p>Ort des \u00dcbergangs.<br>Fenster in die Welt der Wassergeister.<br>An der Grenze zwischen Malerei und Fotografie.<br>Zwischen Poesie und Abstraktion<br>malt das Wasser diese Bilder selbst.<br>Bl\u00fchende Algen im Schlossgraben. Vom Wind getriebene Bl\u00e4tter<br>ziehen ihre Spur. Leben unter Wasser. Kosmos im Kleinen.<br>In st\u00e4ndigem Wandel. Fl\u00fcchtig. Verg\u00e4nglich.<br>Wasser-Malerei<br>mit Farben, Schatten, Spiegelungen.<br>Auch die Komposition gibt mir die Natur vor.<br>Meine Aufgabe ist lediglich das Zuf\u00e4llige zu sehen.<\/p>\n<p><\/p>\t\t\t\t\t\t\t\t<\/div>\n\t\t\t\t<\/div>\n\t\t\t\t\t<\/div>\n\t\t<\/div>\n\t\t\t\t\t<\/div>\n\t\t<\/section>\n\t\t\t\t<\/div>","protected":false},"excerpt":{"rendered":"<p>Undine 2023 Fotografie hinter Acryl 50 x 50 cm limitierte Auflage: 10 Ex.+2A.P. Ort des \u00dcbergangs. Fenster in die Welt der Wassergeister. An der Grenze zwischen Malerei und Fotografie. Zwischen Poesie und Abstraktion malt das Wasser diese Bilder selbst. Bl\u00fchende Algen im Schlossgraben. Vom Wind getriebene Bl\u00e4tter ziehen ihre Spur. Leben unter Wasser. Kosmos im [&hellip;]<\/p>\n","protected":false},"author":1,"featured_media":2015,"parent":448,"menu_order":0,"comment_status":"closed","ping_status":"closed","template":"elementor_header_footer","meta":{"footnotes":""},"class_list":["post-2017","page","type-page","status-publish","has-post-thumbnail","hentry"],"_links":{"self":[{"href":"https:\/\/dirkzache.com\/en\/wp-json\/wp\/v2\/pages\/2017","targetHints":{"allow":["GET"]}}],"collection":[{"href":"https:\/\/dirkzache.com\/en\/wp-json\/wp\/v2\/pages"}],"about":[{"href":"https:\/\/dirkzache.com\/en\/wp-json\/wp\/v2\/types\/page"}],"author":[{"embeddable":true,"href":"https:\/\/dirkzache.com\/en\/wp-json\/wp\/v2\/users\/1"}],"replies":[{"embeddable":true,"href":"https:\/\/dirkzache.com\/en\/wp-json\/wp\/v2\/comments?post=2017"}],"version-history":[{"count":20,"href":"https:\/\/dirkzache.com\/en\/wp-json\/wp\/v2\/pages\/2017\/revisions"}],"predecessor-version":[{"id":2430,"href":"https:\/\/dirkzache.com\/en\/wp-json\/wp\/v2\/pages\/2017\/revisions\/2430"}],"up":[{"embeddable":true,"href":"https:\/\/dirkzache.com\/en\/wp-json\/wp\/v2\/pages\/448"}],"wp:featuredmedia":[{"embeddable":true,"href":"https:\/\/dirkzache.com\/en\/wp-json\/wp\/v2\/media\/2015"}],"wp:attachment":[{"href":"https:\/\/dirkzache.com\/en\/wp-json\/wp\/v2\/media?parent=2017"}],"curies":[{"name":"wp","href":"https:\/\/api.w.org\/{rel}","templated":true}]}}