{"id":15,"date":"2022-08-18T08:58:57","date_gmt":"2022-08-18T08:58:57","guid":{"rendered":"https:\/\/dirkzache.com\/?page_id=15"},"modified":"2023-01-25T09:48:53","modified_gmt":"2023-01-25T09:48:53","slug":"skulptur-und-raum","status":"publish","type":"page","link":"https:\/\/dirkzache.com\/en\/skulptur-und-raum\/","title":{"rendered":"Skulptur und Raum"},"content":{"rendered":"\t\t<div data-elementor-type=\"wp-page\" data-elementor-id=\"15\" class=\"elementor elementor-15\" data-elementor-post-type=\"page\">\n\t\t\t\t\t\t<section class=\"elementor-section elementor-top-section elementor-element elementor-element-816d13d elementor-section-boxed elementor-section-height-default elementor-section-height-default\" data-id=\"816d13d\" data-element_type=\"section\" data-e-type=\"section\">\n\t\t\t\t\t\t<div class=\"elementor-container elementor-column-gap-default\">\n\t\t\t\t\t<div class=\"elementor-column elementor-col-100 elementor-top-column elementor-element elementor-element-621ff319\" data-id=\"621ff319\" data-element_type=\"column\" data-e-type=\"column\">\n\t\t\t<div class=\"elementor-widget-wrap elementor-element-populated\">\n\t\t\t\t\t\t<div class=\"elementor-element elementor-element-56693127 elementor-widget elementor-widget-heading\" data-id=\"56693127\" data-element_type=\"widget\" data-e-type=\"widget\" data-widget_type=\"heading.default\">\n\t\t\t\t<div class=\"elementor-widget-container\">\n\t\t\t\t\t<h1 class=\"elementor-heading-title elementor-size-default\">Skulptur und Raum<\/h1>\t\t\t\t<\/div>\n\t\t\t\t<\/div>\n\t\t\t\t<div class=\"elementor-element elementor-element-1cdfb01 elementor-widget elementor-widget-heading\" data-id=\"1cdfb01\" data-element_type=\"widget\" data-e-type=\"widget\" data-widget_type=\"heading.default\">\n\t\t\t\t<div class=\"elementor-widget-container\">\n\t\t\t\t\t<h2 class=\"elementor-heading-title elementor-size-default\">Zwischen Material, Volumen und Wechselbeziehung<\/h2>\t\t\t\t<\/div>\n\t\t\t\t<\/div>\n\t\t\t\t<div class=\"elementor-element elementor-element-7fd094a elementor-widget elementor-widget-text-editor\" data-id=\"7fd094a\" data-element_type=\"widget\" data-e-type=\"widget\" data-widget_type=\"text-editor.default\">\n\t\t\t\t<div class=\"elementor-widget-container\">\n\t\t\t\t\t\t\t\t\t<p>Die Welt des Skulpturalen ist gro\u00df.<br \/>Und so vielf\u00e4ltig die formbaren Materialien sind, so vielf\u00e4ltig ist meine Neugier.<br \/>Ein Wandern in Zwischenr\u00e4umen,\u00a0das Erkunden von \u00dcberg\u00e4ngen auch hier.<br \/>Zum Ausgangspunkt meines Denkens und Handelns werden daher oft die speziellen Eigenschaften des Materials.<br \/>Das Michelangelo zugeschriebene Zitat, dass die Skulptur schon im Stein vorhanden sei und er diese<br \/>nur noch vom \u00fcbersch\u00fcssigen Material befreien m\u00fcsse, kehrt sich f\u00fcr meine Arbeit gewisserma\u00dfen um:<br \/>das Material sagt mir, dass es werden will. Ein hohes Ma\u00df an \u201eform follows material\u201c ist die Folge.<\/p>\t\t\t\t\t\t\t\t<\/div>\n\t\t\t\t<\/div>\n\t\t\t\t<div class=\"elementor-element elementor-element-12a65ad7 elementor-widget elementor-widget-toggle\" data-id=\"12a65ad7\" data-element_type=\"widget\" data-e-type=\"widget\" data-widget_type=\"toggle.default\">\n\t\t\t\t<div class=\"elementor-widget-container\">\n\t\t\t\t\t\t\t<div class=\"elementor-toggle\">\n\t\t\t\t\t\t\t<div class=\"elementor-toggle-item\">\n\t\t\t\t\t<div id=\"elementor-tab-title-3121\" class=\"elementor-tab-title\" data-tab=\"1\" role=\"button\" aria-controls=\"elementor-tab-content-3121\" aria-expanded=\"false\">\n\t\t\t\t\t\t\t\t\t\t\t\t<a class=\"elementor-toggle-title\" tabindex=\"0\"><p style=\"text-align: center;\">Weiterlesen<\/p><\/a>\n\t\t\t\t\t<\/div>\n\n\t\t\t\t\t<div id=\"elementor-tab-content-3121\" class=\"elementor-tab-content elementor-clearfix\" data-tab=\"1\" role=\"region\" aria-labelledby=\"elementor-tab-title-3121\"><p style=\"text-align: center;\">Die Besonderheiten des Materials, seine Eigenschaften und inhaltlichen Bedeutungen, seine M\u00f6glichkeiten und damit<br \/>erneut das Ausloten von Grenzen bestimmen f\u00fcr mich einen &#8222;materialgerechten&#8220; Umgang.<br \/>In den letzten Jahren waren es hier vor allem Beton und Rauminstallation,<br \/>aber ebenso geh\u00f6ren Holz und Bronze zu meinem Portfolio.<br \/>Dabei ist die Skulptur nat\u00fcrlich nichts ohne den Raum. Das gilt sowohl f\u00fcr den Raum, den sie enth\u00e4lt,<br \/>als auch f\u00fcr den Raum, der sie umgibt und zu dem sie eine Wechselbeziehung eingeht sobald sie existiert.<br \/>Was ist eigentlich mit den Zwischenr\u00e4umen, die wir nicht sehen?<br \/>Das F\u00fcllen der Leere, das Sichtbarmachen von Negativvolumen, bis hin zum Konstruieren des Negativs<br \/>sind weitere Gestaltfaktoren meiner Arbeiten. Hinzutreten die Wechselbeziehungen der Materialien untereinander,<br \/>etwa bei Montagen, oder auch von Materialien und Inhalten bei Mixed Media, Objekt und bei Rauminstallation.<br \/>Bei letzterer werden dann die Orte selbst und ihre Geschichte zu meinem skulpturalen Material.<\/p><\/div>\n\t\t\t\t<\/div>\n\t\t\t\t\t\t\t\t\t\t<script type=\"application\/ld+json\">{\"@context\":\"https:\\\/\\\/schema.org\",\"@type\":\"FAQPage\",\"mainEntity\":[{\"@type\":\"Question\",\"name\":\"Weiterlesen\",\"acceptedAnswer\":{\"@type\":\"Answer\",\"text\":\"<p style=\\\"text-align: center;\\\">Die Besonderheiten des Materials, seine Eigenschaften und inhaltlichen Bedeutungen, seine M\\u00f6glichkeiten und damit<br \\\/>erneut das Ausloten von Grenzen bestimmen f\\u00fcr mich einen &#8222;materialgerechten&#8220; Umgang.<br \\\/>In den letzten Jahren waren es hier vor allem Beton und Rauminstallation,<br \\\/>aber ebenso geh\\u00f6ren Holz und Bronze zu meinem Portfolio.<br \\\/>Dabei ist die Skulptur nat\\u00fcrlich nichts ohne den Raum. Das gilt sowohl f\\u00fcr den Raum, den sie enth\\u00e4lt,<br \\\/>als auch f\\u00fcr den Raum, der sie umgibt und zu dem sie eine Wechselbeziehung eingeht sobald sie existiert.<br \\\/>Was ist eigentlich mit den Zwischenr\\u00e4umen, die wir nicht sehen?<br \\\/>Das F\\u00fcllen der Leere, das Sichtbarmachen von Negativvolumen, bis hin zum Konstruieren des Negativs<br \\\/>sind weitere Gestaltfaktoren meiner Arbeiten. Hinzutreten die Wechselbeziehungen der Materialien untereinander,<br \\\/>etwa bei Montagen, oder auch von Materialien und Inhalten bei Mixed Media, Objekt und bei Rauminstallation.<br \\\/>Bei letzterer werden dann die Orte selbst und ihre Geschichte zu meinem skulpturalen Material.<\\\/p>\"}}]}<\/script>\n\t\t\t\t\t<\/div>\n\t\t\t\t\t\t<\/div>\n\t\t\t\t<\/div>\n\t\t\t\t<div class=\"elementor-element elementor-element-599b704b elementor-grid-3 elementor-grid-tablet-2 elementor-grid-mobile-1 elementor-widget elementor-widget-portfolio\" data-id=\"599b704b\" data-element_type=\"widget\" data-e-type=\"widget\" data-settings=\"{&quot;item_ratio&quot;:{&quot;unit&quot;:&quot;px&quot;,&quot;size&quot;:1,&quot;sizes&quot;:[]},&quot;row_gap&quot;:{&quot;unit&quot;:&quot;px&quot;,&quot;size&quot;:30,&quot;sizes&quot;:[]},&quot;columns&quot;:&quot;3&quot;,&quot;columns_tablet&quot;:&quot;2&quot;,&quot;columns_mobile&quot;:&quot;1&quot;,&quot;item_gap&quot;:{&quot;unit&quot;:&quot;px&quot;,&quot;size&quot;:&quot;&quot;,&quot;sizes&quot;:[]}}\" data-widget_type=\"portfolio.default\">\n\t\t\t\t<div class=\"elementor-widget-container\">\n\t\t\t\t\t\t\t<div class=\"elementor-portfolio elementor-grid elementor-posts-container\">\n\t\t\t\t<article class=\"elementor-portfolio-item elementor-post  post-325 page type-page status-publish has-post-thumbnail hentry\">\n\t\t\t<a class=\"elementor-post__thumbnail__link\" href=\"https:\/\/dirkzache.com\/en\/skulptur-und-raum\/secret-1\/\">\n\t\t\t\t<div class=\"elementor-portfolio-item__img elementor-post__thumbnail\">\n\t\t\t<img fetchpriority=\"high\" decoding=\"async\" width=\"800\" height=\"800\" src=\"https:\/\/dirkzache.com\/wp-content\/uploads\/2022\/09\/secret-1.1-1024x1024.jpg\" class=\"attachment-large size-large wp-image-333\" alt=\"\" srcset=\"https:\/\/dirkzache.com\/wp-content\/uploads\/2022\/09\/secret-1.1-1024x1024.jpg 1024w, https:\/\/dirkzache.com\/wp-content\/uploads\/2022\/09\/secret-1.1-300x300.jpg 300w, https:\/\/dirkzache.com\/wp-content\/uploads\/2022\/09\/secret-1.1-150x150.jpg 150w, https:\/\/dirkzache.com\/wp-content\/uploads\/2022\/09\/secret-1.1-768x768.jpg 768w, https:\/\/dirkzache.com\/wp-content\/uploads\/2022\/09\/secret-1.1.jpg 1415w\" sizes=\"(max-width: 800px) 100vw, 800px\" \/>\t\t<\/div>\n\t\t\t\t<div class=\"elementor-portfolio-item__overlay\">\n\t\t\t\t<h3 class=\"elementor-portfolio-item__title\">\n\t\tSecret 1, 2022<br>zweifarbiger Beton, teilpoliert Paketschnur<br>18x16x8,5\t\t<\/h3>\n\t\t\t\t<\/div>\n\t\t\t\t<\/a>\n\t\t<\/article>\n\t\t\t\t<article class=\"elementor-portfolio-item elementor-post  post-339 page type-page status-publish has-post-thumbnail hentry\">\n\t\t\t<a class=\"elementor-post__thumbnail__link\" href=\"https:\/\/dirkzache.com\/en\/skulptur-und-raum\/secret-4\/\">\n\t\t\t\t<div class=\"elementor-portfolio-item__img elementor-post__thumbnail\">\n\t\t\t<img decoding=\"async\" width=\"800\" height=\"800\" src=\"https:\/\/dirkzache.com\/wp-content\/uploads\/2022\/09\/Secret-4.1-1024x1024.jpg\" class=\"attachment-large size-large wp-image-340\" alt=\"\" srcset=\"https:\/\/dirkzache.com\/wp-content\/uploads\/2022\/09\/Secret-4.1-1024x1024.jpg 1024w, https:\/\/dirkzache.com\/wp-content\/uploads\/2022\/09\/Secret-4.1-300x300.jpg 300w, https:\/\/dirkzache.com\/wp-content\/uploads\/2022\/09\/Secret-4.1-150x150.jpg 150w, https:\/\/dirkzache.com\/wp-content\/uploads\/2022\/09\/Secret-4.1-768x768.jpg 768w, https:\/\/dirkzache.com\/wp-content\/uploads\/2022\/09\/Secret-4.1.jpg 1380w\" sizes=\"(max-width: 800px) 100vw, 800px\" \/>\t\t<\/div>\n\t\t\t\t<div class=\"elementor-portfolio-item__overlay\">\n\t\t\t\t<h3 class=\"elementor-portfolio-item__title\">\n\t\tSecret 4, 2022<br>zweifarbiger Beton, pigmentiert Paketschnur<br>15x15x7,5\t\t<\/h3>\n\t\t\t\t<\/div>\n\t\t\t\t<\/a>\n\t\t<\/article>\n\t\t\t\t<article class=\"elementor-portfolio-item elementor-post  post-397 page type-page status-publish has-post-thumbnail hentry\">\n\t\t\t<a class=\"elementor-post__thumbnail__link\" href=\"https:\/\/dirkzache.com\/en\/skulptur-und-raum\/ahnengalerie-betonkoepfe\/\">\n\t\t\t\t<div class=\"elementor-portfolio-item__img elementor-post__thumbnail\">\n\t\t\t<img decoding=\"async\" width=\"800\" height=\"600\" src=\"https:\/\/dirkzache.com\/wp-content\/uploads\/2022\/09\/Ahnengalerie-DSC03941-L10-F-30-S-30-min-1024x768.jpg\" class=\"attachment-large size-large wp-image-405\" alt=\"\" srcset=\"https:\/\/dirkzache.com\/wp-content\/uploads\/2022\/09\/Ahnengalerie-DSC03941-L10-F-30-S-30-min-1024x768.jpg 1024w, https:\/\/dirkzache.com\/wp-content\/uploads\/2022\/09\/Ahnengalerie-DSC03941-L10-F-30-S-30-min-300x225.jpg 300w, https:\/\/dirkzache.com\/wp-content\/uploads\/2022\/09\/Ahnengalerie-DSC03941-L10-F-30-S-30-min-768x576.jpg 768w, https:\/\/dirkzache.com\/wp-content\/uploads\/2022\/09\/Ahnengalerie-DSC03941-L10-F-30-S-30-min-1536x1152.jpg 1536w, https:\/\/dirkzache.com\/wp-content\/uploads\/2022\/09\/Ahnengalerie-DSC03941-L10-F-30-S-30-min-2048x1536.jpg 2048w\" sizes=\"(max-width: 800px) 100vw, 800px\" \/>\t\t<\/div>\n\t\t\t\t<div class=\"elementor-portfolio-item__overlay\">\n\t\t\t\t<h3 class=\"elementor-portfolio-item__title\">\n\t\tAhnengalerie<br>Betonk\u00f6pfe 1-4, Installationsansicht<br>2022\t\t<\/h3>\n\t\t\t\t<\/div>\n\t\t\t\t<\/a>\n\t\t<\/article>\n\t\t\t\t<article class=\"elementor-portfolio-item elementor-post  post-434 page type-page status-publish has-post-thumbnail hentry\">\n\t\t\t<a class=\"elementor-post__thumbnail__link\" href=\"https:\/\/dirkzache.com\/en\/skulptur-und-raum\/die-eier-des-adlers\/\">\n\t\t\t\t<div class=\"elementor-portfolio-item__img elementor-post__thumbnail\">\n\t\t\t<img loading=\"lazy\" decoding=\"async\" width=\"684\" height=\"1024\" src=\"https:\/\/dirkzache.com\/wp-content\/uploads\/2022\/09\/Eier-des-Adlers-1.1-684x1024.jpg\" class=\"attachment-large size-large wp-image-365\" alt=\"\" srcset=\"https:\/\/dirkzache.com\/wp-content\/uploads\/2022\/09\/Eier-des-Adlers-1.1-684x1024.jpg 684w, https:\/\/dirkzache.com\/wp-content\/uploads\/2022\/09\/Eier-des-Adlers-1.1-201x300.jpg 201w, https:\/\/dirkzache.com\/wp-content\/uploads\/2022\/09\/Eier-des-Adlers-1.1-768x1149.jpg 768w, https:\/\/dirkzache.com\/wp-content\/uploads\/2022\/09\/Eier-des-Adlers-1.1-1027x1536.jpg 1027w, https:\/\/dirkzache.com\/wp-content\/uploads\/2022\/09\/Eier-des-Adlers-1.1.jpg 1300w\" sizes=\"(max-width: 684px) 100vw, 684px\" \/>\t\t<\/div>\n\t\t\t\t<div class=\"elementor-portfolio-item__overlay\">\n\t\t\t\t<h3 class=\"elementor-portfolio-item__title\">\n\t\tDie Eier des Adlers<br>4-teilige Installation<br>2022\t\t<\/h3>\n\t\t\t\t<\/div>\n\t\t\t\t<\/a>\n\t\t<\/article>\n\t\t\t\t<article class=\"elementor-portfolio-item elementor-post  post-974 page type-page status-publish has-post-thumbnail hentry\">\n\t\t\t<a class=\"elementor-post__thumbnail__link\" href=\"https:\/\/dirkzache.com\/en\/skulptur-und-raum\/betonmalerei-3\/\">\n\t\t\t\t<div class=\"elementor-portfolio-item__img elementor-post__thumbnail\">\n\t\t\t<img loading=\"lazy\" decoding=\"async\" width=\"800\" height=\"599\" src=\"https:\/\/dirkzache.com\/wp-content\/uploads\/2022\/11\/Betonmalerei-3.2-1024x767.jpg\" class=\"attachment-large size-large wp-image-933\" alt=\"\" srcset=\"https:\/\/dirkzache.com\/wp-content\/uploads\/2022\/11\/Betonmalerei-3.2-1024x767.jpg 1024w, https:\/\/dirkzache.com\/wp-content\/uploads\/2022\/11\/Betonmalerei-3.2-300x225.jpg 300w, https:\/\/dirkzache.com\/wp-content\/uploads\/2022\/11\/Betonmalerei-3.2-768x575.jpg 768w, https:\/\/dirkzache.com\/wp-content\/uploads\/2022\/11\/Betonmalerei-3.2.jpg 1131w\" sizes=\"(max-width: 800px) 100vw, 800px\" \/>\t\t<\/div>\n\t\t\t\t<div class=\"elementor-portfolio-item__overlay\">\n\t\t\t\t<h3 class=\"elementor-portfolio-item__title\">\n\t\tBetonmalerei 3\t\t<\/h3>\n\t\t\t\t<\/div>\n\t\t\t\t<\/a>\n\t\t<\/article>\n\t\t\t\t<article class=\"elementor-portfolio-item elementor-post  post-987 page type-page status-publish has-post-thumbnail hentry\">\n\t\t\t<a class=\"elementor-post__thumbnail__link\" href=\"https:\/\/dirkzache.com\/en\/skulptur-und-raum\/marmorkuchen\/\">\n\t\t\t\t<div class=\"elementor-portfolio-item__img elementor-post__thumbnail\">\n\t\t\t<img loading=\"lazy\" decoding=\"async\" width=\"577\" height=\"1024\" src=\"https:\/\/dirkzache.com\/wp-content\/uploads\/2022\/09\/Marmorkuchen-1.1-k-577x1024.jpg\" class=\"attachment-large size-large wp-image-374\" alt=\"\" srcset=\"https:\/\/dirkzache.com\/wp-content\/uploads\/2022\/09\/Marmorkuchen-1.1-k-577x1024.jpg 577w, https:\/\/dirkzache.com\/wp-content\/uploads\/2022\/09\/Marmorkuchen-1.1-k-169x300.jpg 169w, https:\/\/dirkzache.com\/wp-content\/uploads\/2022\/09\/Marmorkuchen-1.1-k-768x1364.jpg 768w, https:\/\/dirkzache.com\/wp-content\/uploads\/2022\/09\/Marmorkuchen-1.1-k.jpg 780w\" sizes=\"(max-width: 577px) 100vw, 577px\" \/>\t\t<\/div>\n\t\t\t\t<div class=\"elementor-portfolio-item__overlay\">\n\t\t\t\t<h3 class=\"elementor-portfolio-item__title\">\n\t\tMarmorkuchen\t\t<\/h3>\n\t\t\t\t<\/div>\n\t\t\t\t<\/a>\n\t\t<\/article>\n\t\t\t\t<article class=\"elementor-portfolio-item elementor-post  post-1356 page type-page status-publish has-post-thumbnail hentry\">\n\t\t\t<a class=\"elementor-post__thumbnail__link\" href=\"https:\/\/dirkzache.com\/en\/skulptur-und-raum\/von-der-windel-bis-zum-leichentuch-2\/\">\n\t\t\t\t<div class=\"elementor-portfolio-item__img elementor-post__thumbnail\">\n\t\t\t<img loading=\"lazy\" decoding=\"async\" width=\"800\" height=\"560\" src=\"https:\/\/dirkzache.com\/wp-content\/uploads\/2023\/01\/Bild1-1024x717.jpg\" class=\"attachment-large size-large wp-image-1331\" alt=\"\" srcset=\"https:\/\/dirkzache.com\/wp-content\/uploads\/2023\/01\/Bild1-1024x717.jpg 1024w, https:\/\/dirkzache.com\/wp-content\/uploads\/2023\/01\/Bild1-300x210.jpg 300w, https:\/\/dirkzache.com\/wp-content\/uploads\/2023\/01\/Bild1-768x537.jpg 768w, https:\/\/dirkzache.com\/wp-content\/uploads\/2023\/01\/Bild1-1536x1075.jpg 1536w, https:\/\/dirkzache.com\/wp-content\/uploads\/2023\/01\/Bild1-18x12.jpg 18w, https:\/\/dirkzache.com\/wp-content\/uploads\/2023\/01\/Bild1.jpg 2035w\" sizes=\"(max-width: 800px) 100vw, 800px\" \/>\t\t<\/div>\n\t\t\t\t<div class=\"elementor-portfolio-item__overlay\">\n\t\t\t\t<h3 class=\"elementor-portfolio-item__title\">\n\t\tVon der Windel bis zum Leichentuch\t\t<\/h3>\n\t\t\t\t<\/div>\n\t\t\t\t<\/a>\n\t\t<\/article>\n\t\t\t\t<article class=\"elementor-portfolio-item elementor-post  post-1389 page type-page status-publish has-post-thumbnail hentry\">\n\t\t\t<a class=\"elementor-post__thumbnail__link\" href=\"https:\/\/dirkzache.com\/en\/skulptur-und-raum\/raum-der-erinnerung\/\">\n\t\t\t\t<div class=\"elementor-portfolio-item__img elementor-post__thumbnail\">\n\t\t\t<img loading=\"lazy\" decoding=\"async\" width=\"800\" height=\"600\" src=\"https:\/\/dirkzache.com\/wp-content\/uploads\/2023\/01\/IMG_00002063-Ak-min-1024x768.jpg\" class=\"attachment-large size-large wp-image-1393\" alt=\"\" srcset=\"https:\/\/dirkzache.com\/wp-content\/uploads\/2023\/01\/IMG_00002063-Ak-min-1024x768.jpg 1024w, https:\/\/dirkzache.com\/wp-content\/uploads\/2023\/01\/IMG_00002063-Ak-min-300x225.jpg 300w, https:\/\/dirkzache.com\/wp-content\/uploads\/2023\/01\/IMG_00002063-Ak-min-768x576.jpg 768w, https:\/\/dirkzache.com\/wp-content\/uploads\/2023\/01\/IMG_00002063-Ak-min-1536x1152.jpg 1536w, https:\/\/dirkzache.com\/wp-content\/uploads\/2023\/01\/IMG_00002063-Ak-min-2048x1536.jpg 2048w, https:\/\/dirkzache.com\/wp-content\/uploads\/2023\/01\/IMG_00002063-Ak-min-16x12.jpg 16w\" sizes=\"(max-width: 800px) 100vw, 800px\" \/>\t\t<\/div>\n\t\t\t\t<div class=\"elementor-portfolio-item__overlay\">\n\t\t\t\t<h3 class=\"elementor-portfolio-item__title\">\n\t\tRaum der Erinnerung\t\t<\/h3>\n\t\t\t\t<\/div>\n\t\t\t\t<\/a>\n\t\t<\/article>\n\t\t\t\t<article class=\"elementor-portfolio-item elementor-post  post-1404 page type-page status-publish has-post-thumbnail hentry\">\n\t\t\t<a class=\"elementor-post__thumbnail__link\" href=\"https:\/\/dirkzache.com\/en\/skulptur-und-raum\/es-werde-licht\/\">\n\t\t\t\t<div class=\"elementor-portfolio-item__img elementor-post__thumbnail\">\n\t\t\t<img loading=\"lazy\" decoding=\"async\" width=\"576\" height=\"1024\" src=\"https:\/\/dirkzache.com\/wp-content\/uploads\/2023\/01\/IMG_00001959-k-576x1024.jpg\" class=\"attachment-large size-large wp-image-1472\" alt=\"\" srcset=\"https:\/\/dirkzache.com\/wp-content\/uploads\/2023\/01\/IMG_00001959-k-576x1024.jpg 576w, https:\/\/dirkzache.com\/wp-content\/uploads\/2023\/01\/IMG_00001959-k-169x300.jpg 169w, https:\/\/dirkzache.com\/wp-content\/uploads\/2023\/01\/IMG_00001959-k-768x1365.jpg 768w, https:\/\/dirkzache.com\/wp-content\/uploads\/2023\/01\/IMG_00001959-k-864x1536.jpg 864w, https:\/\/dirkzache.com\/wp-content\/uploads\/2023\/01\/IMG_00001959-k-1152x2048.jpg 1152w, https:\/\/dirkzache.com\/wp-content\/uploads\/2023\/01\/IMG_00001959-k-7x12.jpg 7w, https:\/\/dirkzache.com\/wp-content\/uploads\/2023\/01\/IMG_00001959-k-scaled.jpg 1440w\" sizes=\"(max-width: 576px) 100vw, 576px\" \/>\t\t<\/div>\n\t\t\t\t<div class=\"elementor-portfolio-item__overlay\">\n\t\t\t\t<h3 class=\"elementor-portfolio-item__title\">\n\t\tEs werde Licht\t\t<\/h3>\n\t\t\t\t<\/div>\n\t\t\t\t<\/a>\n\t\t<\/article>\n\t\t\t\t<\/div>\n\t\t\t\t\t\t<\/div>\n\t\t\t\t<\/div>\n\t\t\t\t\t<\/div>\n\t\t<\/div>\n\t\t\t\t\t<\/div>\n\t\t<\/section>\n\t\t\t\t<\/div>\n\t\t","protected":false},"excerpt":{"rendered":"<p>Skulptur und Raum Zwischen Material, Volumen und Wechselbeziehung Die Welt des Skulpturalen ist gro\u00df.Und so vielf\u00e4ltig die formbaren Materialien sind, so vielf\u00e4ltig ist meine Neugier.Ein Wandern in Zwischenr\u00e4umen,\u00a0das Erkunden von \u00dcberg\u00e4ngen auch hier.Zum Ausgangspunkt meines Denkens und Handelns werden daher oft die speziellen Eigenschaften des Materials.Das Michelangelo zugeschriebene Zitat, dass die Skulptur schon im Stein [&hellip;]<\/p>\n","protected":false},"author":1,"featured_media":0,"parent":0,"menu_order":0,"comment_status":"closed","ping_status":"closed","template":"elementor_header_footer","meta":{"footnotes":""},"class_list":["post-15","page","type-page","status-publish","hentry"],"_links":{"self":[{"href":"https:\/\/dirkzache.com\/en\/wp-json\/wp\/v2\/pages\/15","targetHints":{"allow":["GET"]}}],"collection":[{"href":"https:\/\/dirkzache.com\/en\/wp-json\/wp\/v2\/pages"}],"about":[{"href":"https:\/\/dirkzache.com\/en\/wp-json\/wp\/v2\/types\/page"}],"author":[{"embeddable":true,"href":"https:\/\/dirkzache.com\/en\/wp-json\/wp\/v2\/users\/1"}],"replies":[{"embeddable":true,"href":"https:\/\/dirkzache.com\/en\/wp-json\/wp\/v2\/comments?post=15"}],"version-history":[{"count":148,"href":"https:\/\/dirkzache.com\/en\/wp-json\/wp\/v2\/pages\/15\/revisions"}],"predecessor-version":[{"id":1815,"href":"https:\/\/dirkzache.com\/en\/wp-json\/wp\/v2\/pages\/15\/revisions\/1815"}],"wp:attachment":[{"href":"https:\/\/dirkzache.com\/en\/wp-json\/wp\/v2\/media?parent=15"}],"curies":[{"name":"wp","href":"https:\/\/api.w.org\/{rel}","templated":true}]}}