{"id":12,"date":"2022-08-18T08:57:30","date_gmt":"2022-08-18T08:57:30","guid":{"rendered":"https:\/\/dirkzache.com\/?page_id=12"},"modified":"2023-01-24T10:55:46","modified_gmt":"2023-01-24T10:55:46","slug":"malerei-und-raum","status":"publish","type":"page","link":"https:\/\/dirkzache.com\/en\/malerei-und-raum\/","title":{"rendered":"Malerei und Raum"},"content":{"rendered":"\t\t<div data-elementor-type=\"wp-page\" data-elementor-id=\"12\" class=\"elementor elementor-12\" data-elementor-post-type=\"page\">\n\t\t\t\t\t\t<section class=\"elementor-section elementor-top-section elementor-element elementor-element-bdc173a elementor-section-boxed elementor-section-height-default elementor-section-height-default\" data-id=\"bdc173a\" data-element_type=\"section\" data-e-type=\"section\">\n\t\t\t\t\t\t<div class=\"elementor-container elementor-column-gap-default\">\n\t\t\t\t\t<div class=\"elementor-column elementor-col-100 elementor-top-column elementor-element elementor-element-921406b\" data-id=\"921406b\" data-element_type=\"column\" data-e-type=\"column\">\n\t\t\t<div class=\"elementor-widget-wrap elementor-element-populated\">\n\t\t\t\t\t\t<div class=\"elementor-element elementor-element-e940ff8 elementor-widget elementor-widget-heading\" data-id=\"e940ff8\" data-element_type=\"widget\" data-e-type=\"widget\" data-widget_type=\"heading.default\">\n\t\t\t\t<div class=\"elementor-widget-container\">\n\t\t\t\t\t<h1 class=\"elementor-heading-title elementor-size-default\">Malerei<\/h1>\t\t\t\t<\/div>\n\t\t\t\t<\/div>\n\t\t\t\t<div class=\"elementor-element elementor-element-4d18e86 elementor-widget elementor-widget-heading\" data-id=\"4d18e86\" data-element_type=\"widget\" data-e-type=\"widget\" data-widget_type=\"heading.default\">\n\t\t\t\t<div class=\"elementor-widget-container\">\n\t\t\t\t\t<h1 class=\"elementor-heading-title elementor-size-default\">Zwischen Farbe und Raum<\/h1>\t\t\t\t<\/div>\n\t\t\t\t<\/div>\n\t\t\t\t<div class=\"elementor-element elementor-element-dc21def elementor-widget elementor-widget-text-editor\" data-id=\"dc21def\" data-element_type=\"widget\" data-e-type=\"widget\" data-widget_type=\"text-editor.default\">\n\t\t\t\t<div class=\"elementor-widget-container\">\n\t\t\t\t\t\t\t\t\t<p>Ist es eigentlich \u201eMalerei\u201c? Oder ist es doch eher schon \u201eSkulptur\u201c?<br \/>Wo h\u00f6rt Fl\u00e4che auf? Wo beginnt der \u201eRaum\u201c? Wann wird Malerei zur Skulptur?<br \/>Grenzen verwischen. Kunstsparten beginnen zu flie\u00dfen.<br \/>Meine Arbeiten erkunden die \u00dcberg\u00e4nge, die Zwischenzust\u00e4nde und Zwischenr\u00e4ume.<br \/>Wandern zwischen Welten.<\/p>\t\t\t\t\t\t\t\t<\/div>\n\t\t\t\t<\/div>\n\t\t\t\t<div class=\"elementor-element elementor-element-b901afb elementor-widget elementor-widget-toggle\" data-id=\"b901afb\" data-element_type=\"widget\" data-e-type=\"widget\" data-widget_type=\"toggle.default\">\n\t\t\t\t<div class=\"elementor-widget-container\">\n\t\t\t\t\t\t\t<div class=\"elementor-toggle\">\n\t\t\t\t\t\t\t<div class=\"elementor-toggle-item\">\n\t\t\t\t\t<div id=\"elementor-tab-title-1931\" class=\"elementor-tab-title\" data-tab=\"1\" role=\"button\" aria-controls=\"elementor-tab-content-1931\" aria-expanded=\"false\">\n\t\t\t\t\t\t\t\t\t\t\t\t<a class=\"elementor-toggle-title\" tabindex=\"0\"><p style=\"text-align: center;\">Weiterlesen<\/p><\/a>\n\t\t\t\t\t<\/div>\n\n\t\t\t\t\t<div id=\"elementor-tab-content-1931\" class=\"elementor-tab-content elementor-clearfix\" data-tab=\"1\" role=\"region\" aria-labelledby=\"elementor-tab-title-1931\"><p style=\"text-align: center;\">Nicht der Gegenstand einer Abbildung, sondern das Bild als Gegenstand ist mein Thema.<br>In der Folge entstehen Malereien, die die Wand verlassen. <br>Ein Spiel zwischen Fl\u00e4che und Raum, zwischen Abgrenzung und Objekt.<br>Farbe wird zum Material, die Leinwand zur Landschaft, Farblandschaften zu Raumobjekten.<br>Wechselwirkung zwischen Malerei, Malgrund und Raum.<br>Zwischen Zufall und Konstruktion.<br>Von lasierend bis pastos beh\u00e4lt die Farbe meist die Oberhand.<br><span style=\"color: var( --e-global-color-text );\">Zwischen Licht und Plastizit\u00e4t <\/span>entfaltet sie in Farblandschaften ihr eigenes Wechselspiel. Und eben jene Kraft, <br>unsere Emotionen direkt anzusprechen. Sie selbst tut dies. Meine Aufgabe ist lediglich,<br>sie dabei zu begleiten \u2013 und ihr gelegentlich staunend beizuwohnen.<\/p>\n<p style=\"text-align: center;\">Die folgende Auswahl zeigt die Spannbreite unterschiedlicher Techniken, Materialien und Formate.<br>Malerei an den Grenzen zu Skulptur und Objekt.<br>In welche Kunstsparte man sie einordnet, oder wo diese Kunst bei mir gerade herkommt,<br>kann ich als K\u00fcnstler und auch als Kunsthistoriker nie klar beantworten. Im Zweifelsfall ist das auch egal.<br>Denn klar ist, wenn man sich darauf einl\u00e4sst, dann macht diese Kunst etwas mit einem\u2026<\/p><\/div>\n\t\t\t\t<\/div>\n\t\t\t\t\t\t\t\t\t\t<script type=\"application\/ld+json\">{\"@context\":\"https:\\\/\\\/schema.org\",\"@type\":\"FAQPage\",\"mainEntity\":[{\"@type\":\"Question\",\"name\":\"Weiterlesen\",\"acceptedAnswer\":{\"@type\":\"Answer\",\"text\":\"<p style=\\\"text-align: center;\\\">Nicht der Gegenstand einer Abbildung, sondern das Bild als Gegenstand ist mein Thema.<br>In der Folge entstehen Malereien, die die Wand verlassen. <br>Ein Spiel zwischen Fl\\u00e4che und Raum, zwischen Abgrenzung und Objekt.<br>Farbe wird zum Material, die Leinwand zur Landschaft, Farblandschaften zu Raumobjekten.<br>Wechselwirkung zwischen Malerei, Malgrund und Raum.<br>Zwischen Zufall und Konstruktion.<br>Von lasierend bis pastos beh\\u00e4lt die Farbe meist die Oberhand.<br><span style=\\\"color: var( --e-global-color-text );\\\">Zwischen Licht und Plastizit\\u00e4t <\\\/span>entfaltet sie in Farblandschaften ihr eigenes Wechselspiel. Und eben jene Kraft, <br>unsere Emotionen direkt anzusprechen. Sie selbst tut dies. Meine Aufgabe ist lediglich,<br>sie dabei zu begleiten \\u2013 und ihr gelegentlich staunend beizuwohnen.<\\\/p>\\n<p style=\\\"text-align: center;\\\">Die folgende Auswahl zeigt die Spannbreite unterschiedlicher Techniken, Materialien und Formate.<br>Malerei an den Grenzen zu Skulptur und Objekt.<br>In welche Kunstsparte man sie einordnet, oder wo diese Kunst bei mir gerade herkommt,<br>kann ich als K\\u00fcnstler und auch als Kunsthistoriker nie klar beantworten. Im Zweifelsfall ist das auch egal.<br>Denn klar ist, wenn man sich darauf einl\\u00e4sst, dann macht diese Kunst etwas mit einem\\u2026<\\\/p>\"}}]}<\/script>\n\t\t\t\t\t<\/div>\n\t\t\t\t\t\t<\/div>\n\t\t\t\t<\/div>\n\t\t\t\t<div class=\"elementor-element elementor-element-118fe77 elementor-grid-3 elementor-grid-tablet-2 elementor-grid-mobile-1 elementor-widget elementor-widget-portfolio\" data-id=\"118fe77\" data-element_type=\"widget\" data-e-type=\"widget\" data-settings=\"{&quot;item_ratio&quot;:{&quot;unit&quot;:&quot;px&quot;,&quot;size&quot;:1,&quot;sizes&quot;:[]},&quot;row_gap&quot;:{&quot;unit&quot;:&quot;px&quot;,&quot;size&quot;:30,&quot;sizes&quot;:[]},&quot;columns&quot;:&quot;3&quot;,&quot;columns_tablet&quot;:&quot;2&quot;,&quot;columns_mobile&quot;:&quot;1&quot;,&quot;item_gap&quot;:{&quot;unit&quot;:&quot;px&quot;,&quot;size&quot;:&quot;&quot;,&quot;sizes&quot;:[]}}\" data-widget_type=\"portfolio.default\">\n\t\t\t\t<div class=\"elementor-widget-container\">\n\t\t\t\t\t\t\t<div class=\"elementor-portfolio elementor-grid elementor-posts-container\">\n\t\t\t\t<article class=\"elementor-portfolio-item elementor-post  post-192 page type-page status-publish has-post-thumbnail hentry\">\n\t\t\t<a class=\"elementor-post__thumbnail__link\" href=\"https:\/\/dirkzache.com\/en\/malerei-und-raum\/blaues-quadrat-nacht-auf-see\/\">\n\t\t\t\t<div class=\"elementor-portfolio-item__img elementor-post__thumbnail\">\n\t\t\t<img fetchpriority=\"high\" decoding=\"async\" width=\"800\" height=\"800\" src=\"https:\/\/dirkzache.com\/wp-content\/uploads\/2022\/09\/DSC02648-K-Q-Nacht-auf-See-min-1024x1024.jpg\" class=\"attachment-large size-large wp-image-287\" alt=\"\" srcset=\"https:\/\/dirkzache.com\/wp-content\/uploads\/2022\/09\/DSC02648-K-Q-Nacht-auf-See-min-1024x1024.jpg 1024w, https:\/\/dirkzache.com\/wp-content\/uploads\/2022\/09\/DSC02648-K-Q-Nacht-auf-See-min-300x300.jpg 300w, https:\/\/dirkzache.com\/wp-content\/uploads\/2022\/09\/DSC02648-K-Q-Nacht-auf-See-min-150x150.jpg 150w, https:\/\/dirkzache.com\/wp-content\/uploads\/2022\/09\/DSC02648-K-Q-Nacht-auf-See-min-768x768.jpg 768w, https:\/\/dirkzache.com\/wp-content\/uploads\/2022\/09\/DSC02648-K-Q-Nacht-auf-See-min-1536x1536.jpg 1536w, https:\/\/dirkzache.com\/wp-content\/uploads\/2022\/09\/DSC02648-K-Q-Nacht-auf-See-min-2048x2048.jpg 2048w\" sizes=\"(max-width: 800px) 100vw, 800px\" \/>\t\t<\/div>\n\t\t\t\t<div class=\"elementor-portfolio-item__overlay\">\n\t\t\t\t<h3 class=\"elementor-portfolio-item__title\">\n\t\tBlaues Quadrat \/ Nacht auf See, 2020<br>Acryl u. Pigment auf Karton, Holz<br>40x40x9\t\t<\/h3>\n\t\t\t\t<\/div>\n\t\t\t\t<\/a>\n\t\t<\/article>\n\t\t\t\t<article class=\"elementor-portfolio-item elementor-post  post-254 page type-page status-publish has-post-thumbnail hentry\">\n\t\t\t<a class=\"elementor-post__thumbnail__link\" href=\"https:\/\/dirkzache.com\/en\/malerei-und-raum\/aquarell-montagen\/\">\n\t\t\t\t<div class=\"elementor-portfolio-item__img elementor-post__thumbnail\">\n\t\t\t<img decoding=\"async\" width=\"800\" height=\"800\" src=\"https:\/\/dirkzache.com\/wp-content\/uploads\/2022\/09\/IMG_E0628-qk-1024x1024.jpg\" class=\"attachment-large size-large wp-image-279\" alt=\"\" srcset=\"https:\/\/dirkzache.com\/wp-content\/uploads\/2022\/09\/IMG_E0628-qk-1024x1024.jpg 1024w, https:\/\/dirkzache.com\/wp-content\/uploads\/2022\/09\/IMG_E0628-qk-300x300.jpg 300w, https:\/\/dirkzache.com\/wp-content\/uploads\/2022\/09\/IMG_E0628-qk-150x150.jpg 150w, https:\/\/dirkzache.com\/wp-content\/uploads\/2022\/09\/IMG_E0628-qk-768x768.jpg 768w, https:\/\/dirkzache.com\/wp-content\/uploads\/2022\/09\/IMG_E0628-qk-1536x1536.jpg 1536w, https:\/\/dirkzache.com\/wp-content\/uploads\/2022\/09\/IMG_E0628-qk-2048x2048.jpg 2048w\" sizes=\"(max-width: 800px) 100vw, 800px\" \/>\t\t<\/div>\n\t\t\t\t<div class=\"elementor-portfolio-item__overlay\">\n\t\t\t\t<h3 class=\"elementor-portfolio-item__title\">\n\t\tAquarell-Montagen 1 \u2013 3 \/ Schwebendes Triptychon 2022<br>Aquarell auf handgesch\u00f6pftem B\u00fctten, Objektrahmen<br>20x20x3,8\t\t<\/h3>\n\t\t\t\t<\/div>\n\t\t\t\t<\/a>\n\t\t<\/article>\n\t\t\t\t<article class=\"elementor-portfolio-item elementor-post  post-1478 page type-page status-publish has-post-thumbnail hentry\">\n\t\t\t<a class=\"elementor-post__thumbnail__link\" href=\"https:\/\/dirkzache.com\/en\/malerei-und-raum\/grosses-gelb-ii\/\">\n\t\t\t\t<div class=\"elementor-portfolio-item__img elementor-post__thumbnail\">\n\t\t\t<img decoding=\"async\" width=\"800\" height=\"800\" src=\"https:\/\/dirkzache.com\/wp-content\/uploads\/2023\/01\/DSC4747-2-min-1024x1024.jpg\" class=\"attachment-large size-large wp-image-1477\" alt=\"\" srcset=\"https:\/\/dirkzache.com\/wp-content\/uploads\/2023\/01\/DSC4747-2-min-1024x1024.jpg 1024w, https:\/\/dirkzache.com\/wp-content\/uploads\/2023\/01\/DSC4747-2-min-300x300.jpg 300w, https:\/\/dirkzache.com\/wp-content\/uploads\/2023\/01\/DSC4747-2-min-150x150.jpg 150w, https:\/\/dirkzache.com\/wp-content\/uploads\/2023\/01\/DSC4747-2-min-768x768.jpg 768w, https:\/\/dirkzache.com\/wp-content\/uploads\/2023\/01\/DSC4747-2-min-1536x1536.jpg 1536w, https:\/\/dirkzache.com\/wp-content\/uploads\/2023\/01\/DSC4747-2-min-2048x2048.jpg 2048w, https:\/\/dirkzache.com\/wp-content\/uploads\/2023\/01\/DSC4747-2-min-12x12.jpg 12w\" sizes=\"(max-width: 800px) 100vw, 800px\" \/>\t\t<\/div>\n\t\t\t\t<div class=\"elementor-portfolio-item__overlay\">\n\t\t\t\t<h3 class=\"elementor-portfolio-item__title\">\n\t\tGro\u00dfes Gelb II\t\t<\/h3>\n\t\t\t\t<\/div>\n\t\t\t\t<\/a>\n\t\t<\/article>\n\t\t\t\t<article class=\"elementor-portfolio-item elementor-post  post-562 page type-page status-publish has-post-thumbnail hentry\">\n\t\t\t<a class=\"elementor-post__thumbnail__link\" href=\"https:\/\/dirkzache.com\/en\/malerei-und-raum\/rotes-quadrat\/\">\n\t\t\t\t<div class=\"elementor-portfolio-item__img elementor-post__thumbnail\">\n\t\t\t<img loading=\"lazy\" decoding=\"async\" width=\"800\" height=\"798\" src=\"https:\/\/dirkzache.com\/wp-content\/uploads\/2022\/12\/3.-Rotes-Quadrat-2-1024x1022.jpg\" class=\"attachment-large size-large wp-image-1197\" alt=\"\" srcset=\"https:\/\/dirkzache.com\/wp-content\/uploads\/2022\/12\/3.-Rotes-Quadrat-2-1024x1022.jpg 1024w, https:\/\/dirkzache.com\/wp-content\/uploads\/2022\/12\/3.-Rotes-Quadrat-2-300x300.jpg 300w, https:\/\/dirkzache.com\/wp-content\/uploads\/2022\/12\/3.-Rotes-Quadrat-2-150x150.jpg 150w, https:\/\/dirkzache.com\/wp-content\/uploads\/2022\/12\/3.-Rotes-Quadrat-2-768x767.jpg 768w, https:\/\/dirkzache.com\/wp-content\/uploads\/2022\/12\/3.-Rotes-Quadrat-2-12x12.jpg 12w, https:\/\/dirkzache.com\/wp-content\/uploads\/2022\/12\/3.-Rotes-Quadrat-2.jpg 1341w\" sizes=\"(max-width: 800px) 100vw, 800px\" \/>\t\t<\/div>\n\t\t\t\t<div class=\"elementor-portfolio-item__overlay\">\n\t\t\t\t<h3 class=\"elementor-portfolio-item__title\">\n\t\tRotes Quadrat\t\t<\/h3>\n\t\t\t\t<\/div>\n\t\t\t\t<\/a>\n\t\t<\/article>\n\t\t\t\t<article class=\"elementor-portfolio-item elementor-post  post-1583 page type-page status-publish has-post-thumbnail hentry\">\n\t\t\t<a class=\"elementor-post__thumbnail__link\" href=\"https:\/\/dirkzache.com\/en\/malerei-und-raum\/grosses-gelb-1\/\">\n\t\t\t\t<div class=\"elementor-portfolio-item__img elementor-post__thumbnail\">\n\t\t\t<img loading=\"lazy\" decoding=\"async\" width=\"800\" height=\"800\" src=\"https:\/\/dirkzache.com\/wp-content\/uploads\/2023\/01\/DSC4782-k-min-Qk-1024x1024.jpg\" class=\"attachment-large size-large wp-image-1584\" alt=\"\" srcset=\"https:\/\/dirkzache.com\/wp-content\/uploads\/2023\/01\/DSC4782-k-min-Qk-1024x1024.jpg 1024w, https:\/\/dirkzache.com\/wp-content\/uploads\/2023\/01\/DSC4782-k-min-Qk-300x300.jpg 300w, https:\/\/dirkzache.com\/wp-content\/uploads\/2023\/01\/DSC4782-k-min-Qk-150x150.jpg 150w, https:\/\/dirkzache.com\/wp-content\/uploads\/2023\/01\/DSC4782-k-min-Qk-768x768.jpg 768w, https:\/\/dirkzache.com\/wp-content\/uploads\/2023\/01\/DSC4782-k-min-Qk-1536x1536.jpg 1536w, https:\/\/dirkzache.com\/wp-content\/uploads\/2023\/01\/DSC4782-k-min-Qk-2048x2048.jpg 2048w, https:\/\/dirkzache.com\/wp-content\/uploads\/2023\/01\/DSC4782-k-min-Qk-12x12.jpg 12w\" sizes=\"(max-width: 800px) 100vw, 800px\" \/>\t\t<\/div>\n\t\t\t\t<div class=\"elementor-portfolio-item__overlay\">\n\t\t\t\t<h3 class=\"elementor-portfolio-item__title\">\n\t\tGro\u00dfes Gelb<br>Leinwandmontage, Dispersion, Zinkblech<br>132x180x14,5\t\t<\/h3>\n\t\t\t\t<\/div>\n\t\t\t\t<\/a>\n\t\t<\/article>\n\t\t\t\t<article class=\"elementor-portfolio-item elementor-post  post-1629 page type-page status-publish has-post-thumbnail hentry\">\n\t\t\t<a class=\"elementor-post__thumbnail__link\" href=\"https:\/\/dirkzache.com\/en\/malerei-und-raum\/grosses-gelb-iii\/\">\n\t\t\t\t<div class=\"elementor-portfolio-item__img elementor-post__thumbnail\">\n\t\t\t<img loading=\"lazy\" decoding=\"async\" width=\"800\" height=\"800\" src=\"https:\/\/dirkzache.com\/wp-content\/uploads\/2023\/01\/IMG_6107-k-k-min-Q-1024x1024.jpg\" class=\"attachment-large size-large wp-image-1630\" alt=\"\" srcset=\"https:\/\/dirkzache.com\/wp-content\/uploads\/2023\/01\/IMG_6107-k-k-min-Q-1024x1024.jpg 1024w, https:\/\/dirkzache.com\/wp-content\/uploads\/2023\/01\/IMG_6107-k-k-min-Q-300x300.jpg 300w, https:\/\/dirkzache.com\/wp-content\/uploads\/2023\/01\/IMG_6107-k-k-min-Q-150x150.jpg 150w, https:\/\/dirkzache.com\/wp-content\/uploads\/2023\/01\/IMG_6107-k-k-min-Q-768x768.jpg 768w, https:\/\/dirkzache.com\/wp-content\/uploads\/2023\/01\/IMG_6107-k-k-min-Q-1536x1536.jpg 1536w, https:\/\/dirkzache.com\/wp-content\/uploads\/2023\/01\/IMG_6107-k-k-min-Q-2048x2048.jpg 2048w, https:\/\/dirkzache.com\/wp-content\/uploads\/2023\/01\/IMG_6107-k-k-min-Q-12x12.jpg 12w\" sizes=\"(max-width: 800px) 100vw, 800px\" \/>\t\t<\/div>\n\t\t\t\t<div class=\"elementor-portfolio-item__overlay\">\n\t\t\t\t<h3 class=\"elementor-portfolio-item__title\">\n\t\tGro\u00dfes Gelb III\t\t<\/h3>\n\t\t\t\t<\/div>\n\t\t\t\t<\/a>\n\t\t<\/article>\n\t\t\t\t<\/div>\n\t\t\t\t\t\t<\/div>\n\t\t\t\t<\/div>\n\t\t\t\t\t<\/div>\n\t\t<\/div>\n\t\t\t\t\t<\/div>\n\t\t<\/section>\n\t\t\t\t<\/div>\n\t\t","protected":false},"excerpt":{"rendered":"<p>Malerei Zwischen Farbe und Raum Ist es eigentlich \u201eMalerei\u201c? Oder ist es doch eher schon \u201eSkulptur\u201c?Wo h\u00f6rt Fl\u00e4che auf? Wo beginnt der \u201eRaum\u201c? Wann wird Malerei zur Skulptur?Grenzen verwischen. Kunstsparten beginnen zu flie\u00dfen.Meine Arbeiten erkunden die \u00dcberg\u00e4nge, die Zwischenzust\u00e4nde und Zwischenr\u00e4ume.Wandern zwischen Welten. Weiterlesen Nicht der Gegenstand einer Abbildung, sondern das Bild als Gegenstand ist [&hellip;]<\/p>\n","protected":false},"author":1,"featured_media":0,"parent":0,"menu_order":0,"comment_status":"closed","ping_status":"closed","template":"elementor_header_footer","meta":{"footnotes":""},"class_list":["post-12","page","type-page","status-publish","hentry"],"_links":{"self":[{"href":"https:\/\/dirkzache.com\/en\/wp-json\/wp\/v2\/pages\/12","targetHints":{"allow":["GET"]}}],"collection":[{"href":"https:\/\/dirkzache.com\/en\/wp-json\/wp\/v2\/pages"}],"about":[{"href":"https:\/\/dirkzache.com\/en\/wp-json\/wp\/v2\/types\/page"}],"author":[{"embeddable":true,"href":"https:\/\/dirkzache.com\/en\/wp-json\/wp\/v2\/users\/1"}],"replies":[{"embeddable":true,"href":"https:\/\/dirkzache.com\/en\/wp-json\/wp\/v2\/comments?post=12"}],"version-history":[{"count":121,"href":"https:\/\/dirkzache.com\/en\/wp-json\/wp\/v2\/pages\/12\/revisions"}],"predecessor-version":[{"id":1736,"href":"https:\/\/dirkzache.com\/en\/wp-json\/wp\/v2\/pages\/12\/revisions\/1736"}],"wp:attachment":[{"href":"https:\/\/dirkzache.com\/en\/wp-json\/wp\/v2\/media?parent=12"}],"curies":[{"name":"wp","href":"https:\/\/api.w.org\/{rel}","templated":true}]}}